{"id":82684,"date":"2022-02-19T15:23:49","date_gmt":"2022-02-19T15:23:49","guid":{"rendered":"https:\/\/www.perceptual-robotics.com\/?page_id=82684"},"modified":"2025-06-16T10:20:01","modified_gmt":"2025-06-16T09:20:01","slug":"faq","status":"publish","type":"page","link":"https:\/\/www.perceptual-robotics.com\/es\/faq\/","title":{"rendered":"FAQ"},"content":{"rendered":"<div class=\"wpb-content-wrapper\"><p>[vc_row row_height_percent=\u00bb0&#8243; override_padding=\u00bbyes\u00bb h_padding=\u00bb2&#8243; top_padding=\u00bb4&#8243; bottom_padding=\u00bb3&#8243; overlay_alpha=\u00bb50&#8243; gutter_size=\u00bb3&#8243; column_width_percent=\u00bb100&#8243; shift_y=\u00bb0&#8243; z_index=\u00bb0&#8243; uncode_shortcode_id=\u00bb102115&#8243;][vc_column column_width_percent=\u00bb100&#8243; align_horizontal=\u00bbalign_center\u00bb gutter_size=\u00bb3&#8243; overlay_alpha=\u00bb50&#8243; shift_x=\u00bb0&#8243; shift_y=\u00bb0&#8243; shift_y_down=\u00bb0&#8243; z_index=\u00bb0&#8243; medium_width=\u00bb0&#8243; mobile_width=\u00bb0&#8243; width=\u00bb1\/1&#8243; uncode_shortcode_id=\u00bb175002&#8243;][vc_custom_heading heading_semantic=\u00bbh1&#8243; text_size=\u00bbfontsize-155944&#8243; uncode_shortcode_id=\u00bb269142&#8243;]Preguntas Frecuentes[\/vc_custom_heading][\/vc_column][\/vc_row][vc_row row_height_percent=\u00bb0&#8243; override_padding=\u00bbyes\u00bb h_padding=\u00bb2&#8243; top_padding=\u00bb0&#8243; bottom_padding=\u00bb3&#8243; overlay_alpha=\u00bb50&#8243; gutter_size=\u00bb3&#8243; column_width_percent=\u00bb100&#8243; shift_y=\u00bb0&#8243; z_index=\u00bb0&#8243; uncode_shortcode_id=\u00bb166767&#8243;][vc_column column_width_use_pixel=\u00bbyes\u00bb gutter_size=\u00bb3&#8243; overlay_alpha=\u00bb50&#8243; shift_x=\u00bb0&#8243; shift_y=\u00bb0&#8243; shift_y_down=\u00bb0&#8243; z_index=\u00bb0&#8243; medium_width=\u00bb0&#8243; mobile_width=\u00bb0&#8243; width=\u00bb1\/2&#8243; column_width_pixel=\u00bb960&#8243; uncode_shortcode_id=\u00bb758966&#8243;][vc_accordion typography=\u00bbyes\u00bb sign=\u00bbplus\u00bb active_tab=\u00bb0&#8243;][vc_accordion_tab gutter_size=\u00bb2&#8243; column_padding=\u00bb2&#8243; title=\u00bb\u00bfCu\u00e1nto tiempo se tarda en inspeccionar una turbina?\u00bb tab_id=\u00bb1623944083302-6-10&#8243;][vc_column_text uncode_shortcode_id=\u00bb169739&#8243;]El tiempo necesario para capturar llas palas de una turbina var\u00eda en funci\u00f3n de su tama\u00f1o. Por ejemplo, para una turbina Enercon 40 con palas de 20 metros se tarda unos 10 minutos en inspeccionar las 3 palas desde los 4 lados, mientras que para una turbina Nordex 132 con palas de 65 metros se tarda unos 25 minutos. Las palas m\u00e1s grandes suelen requerir m\u00e1s tiempo de captura.[\/vc_column_text][\/vc_accordion_tab][vc_accordion_tab gutter_size=\u00bb2&#8243; column_padding=\u00bb2&#8243; title=\u00bb\u00bfPuedo utilizar mis propios expertos en palas o crear mis propias anotaciones de da\u00f1os?\u00bb tab_id=\u00bb1614684355-1-35&#8243;][vc_column_text uncode_shortcode_id=\u00bb486096&#8243;]<span style=\"font-weight: 400;\">S\u00ed, si tiene sus propios expertos, les concederemos acceso para revisar sus inspecciones. Podr\u00e1n a\u00f1adir, eliminar o editar cualquier da\u00f1o seg\u00fan sea necesario. Adem\u00e1s, podemos ajustar nuestro modelo de inteligencia artificial para que anote los da\u00f1os seg\u00fan sus preferencias.<\/span>[\/vc_column_text][\/vc_accordion_tab][vc_accordion_tab gutter_size=\u00bb2&#8243; column_padding=\u00bb2&#8243; title=\u00bb\u00bfNecesito un certificado de piloto para manejar el dron?\u00bb tab_id=\u00bb1614684355-2-28&#8243;][vc_column_text uncode_shortcode_id=\u00bb314934&#8243;]S\u00ed, aunque el sistema est\u00e9 totalmente automatizado, la normativa vigente exige que el piloto est\u00e9 en posesi\u00f3n de un certificado de piloto de drones. La certificaci\u00f3n b\u00e1sica A1\/A3 es suficiente y puede obtenerse en l\u00ednea de forma gratuita.[\/vc_column_text][\/vc_accordion_tab][vc_accordion_tab gutter_size=\u00bb2&#8243; column_padding=\u00bb2&#8243; title=\u00bb\u00bfPuedo descargar las im\u00e1genes?\u00bb tab_id=\u00bb1622748840228-3-1&#8243;][vc_column_text uncode_shortcode_id=\u00bb141049&#8243;]<span style=\"font-weight: 400;\">S\u00ed, puede descargar sus im\u00e1genes en bruto en cualquier momento en un archivo zip. Tambi\u00e9n podemos habilitar diferentes estructuras de carpetas para facilitar el acceso.<\/span>[\/vc_column_text][\/vc_accordion_tab][vc_accordion_tab gutter_size=\u00bb2&#8243; column_padding=\u00bb2&#8243; title=\u00bb\u00bfA qu\u00e9 distancia vuelan de la turbina?\u00bb tab_id=\u00bb1622748874904-4-6&#8243;][vc_column_text uncode_shortcode_id=\u00bb124193&#8243;]<span style=\"font-weight: 400;\">Con Dot volamos a una distancia de entre 6 y 10 metros de la turbina, utilizando un objetivo de 50 mm para captar todos los detalles necesarios, con Eve volamos mucho m\u00e1s cerca.<\/span>[\/vc_column_text][\/vc_accordion_tab][vc_accordion_tab gutter_size=\u00bb2&#8243; column_padding=\u00bb2&#8243; title=\u00bb\u00bfQu\u00e9 norma de clasificaci\u00f3n de da\u00f1os utilizan?\u00bb tab_id=\u00bb1622748892648-5-1&#8243;][vc_column_text uncode_shortcode_id=\u00bb191969&#8243;]<span style=\"font-weight: 400;\">Utilizamos la gu\u00eda Dhalion, basada en el Standard de Bladena pero m\u00e1s completa, pero podemos adaptar nuestro sistema para utilizar su propia clasificaci\u00f3n si es necesario.<\/span>[\/vc_column_text][\/vc_accordion_tab][vc_accordion_tab gutter_size=\u00bb2&#8243; column_padding=\u00bb2&#8243; title=\u00bb\u00bfPuede su sistema soportar condiciones meteorol\u00f3gicas extremas?\u00bb tab_id=\u00bb1622748918808-6-8&#8243;][vc_column_text uncode_shortcode_id=\u00bb874397&#8243;]<span style=\"font-weight: 400;\">Nuestros drones pueden operar en condiciones de viento de hasta 12 m\/s, lo que garantiza inspecciones fiables incluso en entornos dif\u00edciles.<\/span>[\/vc_column_text][\/vc_accordion_tab][vc_accordion_tab gutter_size=\u00bb2&#8243; column_padding=\u00bb2&#8243; title=\u00bb\u00bfPuede su sistema integrarse con otras fuentes de datos?\u00bb tab_id=\u00bb1742989617646-8-2&#8243;][vc_column_text uncode_shortcode_id=\u00bb145043&#8243;]<span style=\"font-weight: 400;\">S\u00ed, nuestra IA puede ingerir y procesar datos de diversas fuentes, lo que la hace adaptable a diferentes necesidades de inspecci\u00f3n.<\/span>[\/vc_column_text][\/vc_accordion_tab][vc_accordion_tab gutter_size=\u00bb2&#8243; column_padding=\u00bb2&#8243; title=\u00bb\u00bfCu\u00e1ntas paradas son necesarias para una inspecci\u00f3n completa?\u00bb tab_id=\u00bb1742989649788-9-5&#8243;][vc_column_text uncode_shortcode_id=\u00bb828560&#8243;]<span style=\"font-weight: 400;\">Nuestra soluci\u00f3n captura todos los datos necesarios en una sola parada de su turbina y un solo vuelo.<\/span>[\/vc_column_text][\/vc_accordion_tab][vc_accordion_tab gutter_size=\u00bb2&#8243; column_padding=\u00bb2&#8243; title=\u00bb\u00bfCu\u00e1nto tarda un experto en palas en revisar una turbina?\u00bb tab_id=\u00bb1742989649788-9-54&#8243;][vc_column_text uncode_shortcode_id=\u00bb634954&#8243;]<span style=\"font-weight: 400;\">El tiempo necesario depende del tama\u00f1o de la turbina, del n\u00famero de da\u00f1os y del experto en palas, pero suele llevar entre 30 y 45 minutos de media.<\/span>[\/vc_column_text][\/vc_accordion_tab][\/vc_accordion][\/vc_column][vc_column width=\u00bb1\/2&#8243;][vc_accordion typography=\u00bbyes\u00bb sign=\u00bbplus\u00bb active_tab=\u00bb0&#8243;][vc_accordion_tab gutter_size=\u00bb2&#8243; column_padding=\u00bb2&#8243; title=\u00bb\u00bfCu\u00e1l es la calidad de sus im\u00e1genes?\u00bb tab_id=\u00bb1614684355-1-35&#8243;][vc_column_text uncode_shortcode_id=\u00bb138168&#8243;]<span style=\"font-weight: 400;\">Nuestras im\u00e1genes son de alta calidad, tomadas desde una distancia de 6 a 10 metros con un objetivo de 50 mm. Esto proporciona una resoluci\u00f3n de 1 a 3 p\u00edxeles por mil\u00edmetro, lo que permite ver hasta los detalles m\u00e1s peque\u00f1os, como contar las patas de una mosca posada en una pala.<\/span>[\/vc_column_text][\/vc_accordion_tab][vc_accordion_tab gutter_size=\u00bb2&#8243; column_padding=\u00bb2&#8243; title=\u00bb\u00bfPuedo crear mis propios informes en PDF o Excel?\u00bb tab_id=\u00bb1614684355-2-28&#8243;][vc_column_text uncode_shortcode_id=\u00bb106844&#8243;]<span style=\"font-weight: 400;\">S\u00ed, puede personalizar el contenido de sus informes PDF, y puede extraer f\u00e1cilmente la informaci\u00f3n de nuestro portal a Excel con un solo clic.<\/span>[\/vc_column_text][\/vc_accordion_tab][vc_accordion_tab gutter_size=\u00bb2&#8243; column_padding=\u00bb2&#8243; title=\u00bb\u00bfCu\u00e1nto dura la bater\u00eda?\u00bb tab_id=\u00bb1623944083302-6-10&#8243;][vc_column_text uncode_shortcode_id=\u00bb887209&#8243;]<span style=\"font-weight: 400;\">La bater\u00eda suele durar unos 25 minutos, dependiendo de las condiciones meteorol\u00f3gicas. Suministramos varios juegos de bater\u00edas con nuestro sistema para que pueda completar m\u00faltiples inspecciones sin necesidad de recargar.<\/span>[\/vc_column_text][\/vc_accordion_tab][vc_accordion_tab gutter_size=\u00bb2&#8243; column_padding=\u00bb2&#8243; title=\u00bb\u00bfOfrecen servicios offshore?\u00bb tab_id=\u00bb1622748840228-3-1&#8243;][vc_column_text uncode_shortcode_id=\u00bb180645&#8243;]<span style=\"font-weight: 400;\">S\u00ed, ofrecemos servicios offshore.<\/span>[\/vc_column_text][\/vc_accordion_tab][vc_accordion_tab gutter_size=\u00bb2&#8243; column_padding=\u00bb2&#8243; title=\u00bb\u00bfQu\u00e9 ocurre si tengo un problema con mi sistema?\u00bb tab_id=\u00bb1622748874904-4-6&#8243;][vc_column_text uncode_shortcode_id=\u00bb468277&#8243;]<span style=\"font-weight: 400;\">Puede ponerse en contacto con nuestro equipo de asistencia, que trabajar\u00e1 para resolver su problema lo antes posible. Ofrecemos varios canales de asistencia: web, tel\u00e9fono y WhatsApp.<\/span>[\/vc_column_text][\/vc_accordion_tab][vc_accordion_tab gutter_size=\u00bb2&#8243; column_padding=\u00bb2&#8243; title=\u00bb\u00bfPuedo comprar una unidad? \u00bfTambi\u00e9n realizan inspecciones?\u00bb tab_id=\u00bb1622748892648-5-1&#8243;][vc_column_text uncode_shortcode_id=\u00bb174145&#8243;]<span style=\"font-weight: 400;\">S\u00ed, vendemos nuestra tecnolog\u00eda para que nuestros clientes la utilicen con sus equipos, y tambi\u00e9n realizamos inspecciones con nuestros propio personal si es necesario.<\/span>[\/vc_column_text][\/vc_accordion_tab][vc_accordion_tab gutter_size=\u00bb2&#8243; column_padding=\u00bb2&#8243; title=\u00bb\u00bfQu\u00e9 tipo de soporte ofrecen?\u00bb tab_id=\u00bb1622748918808-6-8&#8243;][vc_column_text uncode_shortcode_id=\u00bb210551&#8243;]<span style=\"font-weight: 400;\">Ofrecemos un soporte completo en horario laboral en el Reino Unido a trav\u00e9s de Internet, tel\u00e9fono y WhatsApp. Tambi\u00e9n podemos ofrecer asistencia ampliada previo acuerdo.<\/span>[\/vc_column_text][\/vc_accordion_tab][vc_accordion_tab gutter_size=\u00bb2&#8243; column_padding=\u00bb2&#8243; title=\u00bb\u00bfSu sistema cumple la normativa internacional?\u00bb tab_id=\u00bb1742989363921-7-2&#8243;][vc_column_text uncode_shortcode_id=\u00bb209680&#8243;]<span style=\"font-weight: 400;\">S\u00ed, nuestro sistema cumple la normativa internacional y nos aseguramos de que se cumplan todas las certificaciones y normas necesarias para una operaci\u00f3n\u00a0 segura y conforme a la ley.<\/span>[\/vc_column_text][\/vc_accordion_tab][vc_accordion_tab gutter_size=\u00bb2&#8243; column_padding=\u00bb2&#8243; title=\u00bb\u00bfCu\u00e1nto tarda la IA en anotar las im\u00e1genes?\u00bb tab_id=\u00bb1742989363921-7-28&#8243;][vc_column_text uncode_shortcode_id=\u00bb570370&#8243;]<span style=\"font-weight: 400;\">La IA anota las im\u00e1genes en cuesti\u00f3n de minutos.<\/span>[\/vc_column_text][\/vc_accordion_tab][vc_accordion_tab gutter_size=\u00bb2&#8243; column_padding=\u00bb2&#8243; title=\u00bb\u00bfCu\u00e1l es la diferencia entre el minidron y el otro dron?\u00bb tab_id=\u00bb1742989363921-7-29&#8243;][vc_column_text uncode_shortcode_id=\u00bb174127&#8243;]<span style=\"font-weight: 400;\">El minidron (Eve)\u00a0 es m\u00e1s peque\u00f1o y m\u00e1s lento a la hora de capturar im\u00e1genes, pero puede meterse en una mochila o llevarse en un vuelo comercial, lo que lo hace ideal para lugares remotos o como herramienta diaria para los gestores de parques e\u00f3licos.<\/span>[\/vc_column_text][\/vc_accordion_tab][\/vc_accordion][\/vc_column][\/vc_row][vc_row unlock_row=\u00bb\u00bb row_height_percent=\u00bb0&#8243; override_padding=\u00bbyes\u00bb h_padding=\u00bb2&#8243; top_padding=\u00bb2&#8243; bottom_padding=\u00bb2&#8243; back_image=\u00bb86299&#8243; back_position=\u00bbcenter top\u00bb overlay_color=\u00bbcolor-green\u00bb overlay_alpha=\u00bb100&#8243; gutter_size=\u00bb3&#8243; column_width_percent=\u00bb100&#8243; shift_y=\u00bb0&#8243; z_index=\u00bb0&#8243; el_class=\u00bbbanner-section\u00bb uncode_shortcode_id=\u00bb201828&#8243; overlay_color_type=\u00bbuncode-palette\u00bb][vc_column column_width_percent=\u00bb100&#8243; position_horizontal=\u00bbleft\u00bb position_vertical=\u00bbmiddle\u00bb gutter_size=\u00bb3&#8243; style=\u00bbdark\u00bb overlay_alpha=\u00bb50&#8243; shift_x=\u00bb0&#8243; shift_y=\u00bb0&#8243; shift_y_down=\u00bb0&#8243; z_index=\u00bb0&#8243; medium_width=\u00bb0&#8243; mobile_width=\u00bb0&#8243; width=\u00bb1\/1&#8243; uncode_shortcode_id=\u00bb205293&#8243;][vc_custom_heading text_size=\u00bbh4&#8243; subheading=\u00bbHable con un miembro de nuestro equipo.\u00bb uncode_shortcode_id=\u00bb975347&#8243;]\u00bfInteresado en obtener acceso a nuestro portal demo?[\/vc_custom_heading][vc_button radius=\u00bbbtn-circle\u00bb outline=\u00bbyes\u00bb border_width=\u00bb0&#8243; link=\u00bburl:http%3A%2F%2Fwww.perceptual-robotics.com%2Fcontact%2F|title:Contact\u00bb uncode_shortcode_id=\u00bb831798&#8243;]Cont\u00e1ctenos[\/vc_button][\/vc_column][\/vc_row]<\/p>\n<\/div>","protected":false},"excerpt":{"rendered":"<p>[vc_row row_height_percent=\u00bb0&#8243; override_padding=\u00bbyes\u00bb h_padding=\u00bb2&#8243; top_padding=\u00bb4&#8243; bottom_padding=\u00bb3&#8243; overlay_alpha=\u00bb50&#8243; gutter_size=\u00bb3&#8243; column_width_percent=\u00bb100&#8243; shift_y=\u00bb0&#8243; z_index=\u00bb0&#8243; uncode_shortcode_id=\u00bb102115&#8243;][vc_column column_width_percent=\u00bb100&#8243; align_horizontal=\u00bbalign_center\u00bb gutter_size=\u00bb3&#8243; overlay_alpha=\u00bb50&#8243; shift_x=\u00bb0&#8243; shift_y=\u00bb0&#8243; shift_y_down=\u00bb0&#8243; z_index=\u00bb0&#8243; [&hellip;]<\/p>\n","protected":false},"author":2,"featured_media":0,"parent":0,"menu_order":0,"comment_status":"closed","ping_status":"closed","template":"","meta":{"_acf_changed":false,"content-type":"","footnotes":""},"class_list":["post-82684","page","type-page","status-publish","hentry"],"acf":[],"yoast_head":"<!-- This site is optimized with the Yoast SEO plugin v24.8.1 - https:\/\/yoast.com\/wordpress\/plugins\/seo\/ -->\n<title>FAQ - Perceptual Robotics<\/title>\n<meta name=\"robots\" content=\"index, follow, max-snippet:-1, max-image-preview:large, max-video-preview:-1\" \/>\n<link rel=\"canonical\" href=\"https:\/\/www.perceptual-robotics.com\/es\/faq\/\" \/>\n<meta property=\"og:locale\" content=\"es_ES\" \/>\n<meta property=\"og:type\" content=\"article\" \/>\n<meta property=\"og:title\" content=\"FAQ - Perceptual Robotics\" \/>\n<meta property=\"og:description\" content=\"[vc_row row_height_percent=\u00bb0&#8243; override_padding=\u00bbyes\u00bb h_padding=\u00bb2&#8243; top_padding=\u00bb4&#8243; bottom_padding=\u00bb3&#8243; overlay_alpha=\u00bb50&#8243; gutter_size=\u00bb3&#8243; column_width_percent=\u00bb100&#8243; shift_y=\u00bb0&#8243; z_index=\u00bb0&#8243; uncode_shortcode_id=\u00bb102115&#8243;][vc_column column_width_percent=\u00bb100&#8243; align_horizontal=\u00bbalign_center\u00bb gutter_size=\u00bb3&#8243; overlay_alpha=\u00bb50&#8243; shift_x=\u00bb0&#8243; shift_y=\u00bb0&#8243; shift_y_down=\u00bb0&#8243; z_index=\u00bb0&#8243; [&hellip;]\" \/>\n<meta property=\"og:url\" content=\"https:\/\/www.perceptual-robotics.com\/es\/faq\/\" \/>\n<meta property=\"og:site_name\" content=\"Perceptual Robotics\" \/>\n<meta property=\"article:publisher\" content=\"https:\/\/www.facebook.com\/perceptualrobotics\/\" \/>\n<meta property=\"article:modified_time\" content=\"2025-06-16T09:20:01+00:00\" \/>\n<meta property=\"og:image\" content=\"https:\/\/www.perceptual-robotics.com\/wp-content\/uploads\/2024\/09\/DJI_20240105153739_0019_V.jpg\" \/>\n\t<meta property=\"og:image:width\" content=\"1920\" \/>\n\t<meta property=\"og:image:height\" content=\"1439\" \/>\n\t<meta property=\"og:image:type\" content=\"image\/jpeg\" \/>\n<meta name=\"twitter:card\" content=\"summary_large_image\" \/>\n<meta name=\"twitter:site\" content=\"@Perc_Robotics\" \/>\n<meta name=\"twitter:label1\" content=\"Tiempo de lectura\" \/>\n\t<meta name=\"twitter:data1\" content=\"5 minutos\" \/>\n<!-- \/ Yoast SEO plugin. -->","yoast_head_json":{"title":"FAQ - Perceptual Robotics","robots":{"index":"index","follow":"follow","max-snippet":"max-snippet:-1","max-image-preview":"max-image-preview:large","max-video-preview":"max-video-preview:-1"},"canonical":"https:\/\/www.perceptual-robotics.com\/es\/faq\/","og_locale":"es_ES","og_type":"article","og_title":"FAQ - Perceptual Robotics","og_description":"[vc_row row_height_percent=\u00bb0&#8243; override_padding=\u00bbyes\u00bb h_padding=\u00bb2&#8243; top_padding=\u00bb4&#8243; bottom_padding=\u00bb3&#8243; overlay_alpha=\u00bb50&#8243; gutter_size=\u00bb3&#8243; column_width_percent=\u00bb100&#8243; shift_y=\u00bb0&#8243; z_index=\u00bb0&#8243; uncode_shortcode_id=\u00bb102115&#8243;][vc_column column_width_percent=\u00bb100&#8243; align_horizontal=\u00bbalign_center\u00bb gutter_size=\u00bb3&#8243; overlay_alpha=\u00bb50&#8243; shift_x=\u00bb0&#8243; shift_y=\u00bb0&#8243; shift_y_down=\u00bb0&#8243; z_index=\u00bb0&#8243; [&hellip;]","og_url":"https:\/\/www.perceptual-robotics.com\/es\/faq\/","og_site_name":"Perceptual Robotics","article_publisher":"https:\/\/www.facebook.com\/perceptualrobotics\/","article_modified_time":"2025-06-16T09:20:01+00:00","og_image":[{"width":1920,"height":1439,"url":"https:\/\/www.perceptual-robotics.com\/wp-content\/uploads\/2024\/09\/DJI_20240105153739_0019_V.jpg","type":"image\/jpeg"}],"twitter_card":"summary_large_image","twitter_site":"@Perc_Robotics","twitter_misc":{"Tiempo de lectura":"5 minutos"},"schema":{"@context":"https:\/\/schema.org","@graph":[{"@type":"WebPage","@id":"https:\/\/www.perceptual-robotics.com\/es\/faq\/","url":"https:\/\/www.perceptual-robotics.com\/es\/faq\/","name":"FAQ - Perceptual Robotics","isPartOf":{"@id":"https:\/\/www.perceptual-robotics.com\/es\/#website"},"datePublished":"2022-02-19T15:23:49+00:00","dateModified":"2025-06-16T09:20:01+00:00","breadcrumb":{"@id":"https:\/\/www.perceptual-robotics.com\/es\/faq\/#breadcrumb"},"inLanguage":"es","potentialAction":[{"@type":"ReadAction","target":["https:\/\/www.perceptual-robotics.com\/es\/faq\/"]}]},{"@type":"BreadcrumbList","@id":"https:\/\/www.perceptual-robotics.com\/es\/faq\/#breadcrumb","itemListElement":[{"@type":"ListItem","position":1,"name":"Home","item":"https:\/\/www.perceptual-robotics.com\/es\/"},{"@type":"ListItem","position":2,"name":"FAQ"}]},{"@type":"WebSite","@id":"https:\/\/www.perceptual-robotics.com\/es\/#website","url":"https:\/\/www.perceptual-robotics.com\/es\/","name":"Perceptual Robotics","description":"Automated wind turbine inspections","publisher":{"@id":"https:\/\/www.perceptual-robotics.com\/es\/#organization"},"potentialAction":[{"@type":"SearchAction","target":{"@type":"EntryPoint","urlTemplate":"https:\/\/www.perceptual-robotics.com\/es\/?s={search_term_string}"},"query-input":{"@type":"PropertyValueSpecification","valueRequired":true,"valueName":"search_term_string"}}],"inLanguage":"es"},{"@type":"Organization","@id":"https:\/\/www.perceptual-robotics.com\/es\/#organization","name":"Perceptual Robotics","url":"https:\/\/www.perceptual-robotics.com\/es\/","logo":{"@type":"ImageObject","inLanguage":"es","@id":"https:\/\/www.perceptual-robotics.com\/es\/#\/schema\/logo\/image\/","url":"https:\/\/www.perceptual-robotics.com\/wp-content\/uploads\/2021\/06\/home-video-poster.jpg","contentUrl":"https:\/\/www.perceptual-robotics.com\/wp-content\/uploads\/2021\/06\/home-video-poster.jpg","width":1280,"height":676,"caption":"Perceptual Robotics"},"image":{"@id":"https:\/\/www.perceptual-robotics.com\/es\/#\/schema\/logo\/image\/"},"sameAs":["https:\/\/www.facebook.com\/perceptualrobotics\/","https:\/\/x.com\/Perc_Robotics","https:\/\/www.linkedin.com\/company\/perceptual-robotics\/","https:\/\/www.youtube.com\/channel\/UCZP4-T_Xl9xDRkdx6TEZEQw"]}]}},"_links":{"self":[{"href":"https:\/\/www.perceptual-robotics.com\/es\/wp-json\/wp\/v2\/pages\/82684","targetHints":{"allow":["GET"]}}],"collection":[{"href":"https:\/\/www.perceptual-robotics.com\/es\/wp-json\/wp\/v2\/pages"}],"about":[{"href":"https:\/\/www.perceptual-robotics.com\/es\/wp-json\/wp\/v2\/types\/page"}],"author":[{"embeddable":true,"href":"https:\/\/www.perceptual-robotics.com\/es\/wp-json\/wp\/v2\/users\/2"}],"replies":[{"embeddable":true,"href":"https:\/\/www.perceptual-robotics.com\/es\/wp-json\/wp\/v2\/comments?post=82684"}],"version-history":[{"count":23,"href":"https:\/\/www.perceptual-robotics.com\/es\/wp-json\/wp\/v2\/pages\/82684\/revisions"}],"predecessor-version":[{"id":86686,"href":"https:\/\/www.perceptual-robotics.com\/es\/wp-json\/wp\/v2\/pages\/82684\/revisions\/86686"}],"wp:attachment":[{"href":"https:\/\/www.perceptual-robotics.com\/es\/wp-json\/wp\/v2\/media?parent=82684"}],"curies":[{"name":"wp","href":"https:\/\/api.w.org\/{rel}","templated":true}]}}