{"id":82686,"date":"2022-02-19T15:32:50","date_gmt":"2022-02-19T15:32:50","guid":{"rendered":"https:\/\/www.perceptual-robotics.com\/about\/"},"modified":"2025-04-29T16:16:24","modified_gmt":"2025-04-29T15:16:24","slug":"sobre-nosotros","status":"publish","type":"page","link":"https:\/\/www.perceptual-robotics.com\/es\/sobre-nosotros\/","title":{"rendered":"Sobre Nosotros"},"content":{"rendered":"<div class=\"wpb-content-wrapper\"><p>[vc_row row_height_percent=\u00bb0&#8243; override_padding=\u00bbyes\u00bb h_padding=\u00bb2&#8243; top_padding=\u00bb4&#8243; bottom_padding=\u00bb2&#8243; overlay_alpha=\u00bb50&#8243; gutter_size=\u00bb3&#8243; column_width_percent=\u00bb100&#8243; shift_y=\u00bb0&#8243; z_index=\u00bb0&#8243; uncode_shortcode_id=\u00bb155948&#8243;][vc_column width=\u00bb1\/2&#8243;][vc_custom_heading text_size=\u00bbh4&#8243; uncode_shortcode_id=\u00bb211633&#8243;]<strong>Sobre Nosotros<\/strong>[\/vc_custom_heading][vc_column_text uncode_shortcode_id=\u00bb121408&#8243;]<span style=\"font-weight: 400;\">Fundada en 2016,<\/span><b> Perceptual Robotics <\/b><span style=\"font-weight: 400;\">es pionera en <\/span><b>inspecciones aut\u00f3nomas de aerogeneradores<\/b><span style=\"font-weight: 400;\">, mejorando la eficiencia y la seguridad para aplicaciones tanto en tierra como en alta mar. Con sede en el Laboratorio de Rob\u00f3tica de Bristol y Future Space (Reino Unido), empleamos tecnolog\u00eda de vanguardia para optimizar el mantenimiento de los aerogeneradores.<\/span><\/p>\n<p><span style=\"font-weight: 400;\">Nuestros drones emblem\u00e1ticos, <\/span><b>Dot <\/b><span style=\"font-weight: 400;\">y <\/span><b>Eve<\/b><span style=\"font-weight: 400;\">, lideran la innovaci\u00f3n en inspecci\u00f3n: Dot proporciona inspecciones totalmente aut\u00f3nomas y de alto detalle, mientras que Eve ofrece despliegues r\u00e1pidos para tareas urgentes. Nuestra <\/span><b>plataforma de inteligencia artificial<\/b> <b>analiza los datos<\/b><span style=\"font-weight: 400;\"> para evaluar la gravedad de los da\u00f1os, priorizar las reparaciones y <\/span><b>agilizar la planificaci\u00f3n del mantenimiento<\/b><span style=\"font-weight: 400;\">, reduciendo costos y maximizando el tiempo de producci\u00f3n.<\/span><\/p>\n<p><span style=\"font-weight: 400;\">Con una fuerte<\/span><b> presencia europea<\/b><span style=\"font-weight: 400;\">, incluidas oficinas en Grecia y presencia en Espa\u00f1a, Argentina y Letonia, apoyamos la transici\u00f3n a la energ\u00eda sostenible. Nuestra misi\u00f3n es simplificar, predecir y optimizar los procesos industriales, generando un impacto a largo plazo a trav\u00e9s de sistemas electromec\u00e1nicos avanzados, inteligencia artificial y an\u00e1lisis de datos.<\/span><\/p>\n<p><span style=\"font-weight: 400;\">En Perceptual Robotics fomentamos<\/span><b> la innovaci\u00f3n, la colaboraci\u00f3n y la sostenibilidad, <\/b><span style=\"font-weight: 400;\">empoderando a nuestro equipo para desarrollar soluciones que transformen las operaciones de energ\u00eda e\u00f3lica. \u00danase a nosotros para dar forma a un futuro m\u00e1s eficiente y sostenible.<\/span>[\/vc_column_text][\/vc_column][vc_column width=\u00bb1\/2&#8243;][vc_single_image media=\u00bb86137&#8243; media_width_percent=\u00bb100&#8243; media_ratio=\u00bbone-one\u00bb uncode_shortcode_id=\u00bb152331&#8243; el_class=\u00bbpr-rounded\u00bb][\/vc_column][\/vc_row][vc_row row_height_percent=\u00bb0&#8243; override_padding=\u00bbyes\u00bb h_padding=\u00bb2&#8243; top_padding=\u00bb2&#8243; bottom_padding=\u00bb3&#8243; overlay_alpha=\u00bb50&#8243; gutter_size=\u00bb3&#8243; column_width_percent=\u00bb100&#8243; shift_y=\u00bb0&#8243; z_index=\u00bb0&#8243; el_id=\u00bbour-team\u00bb uncode_shortcode_id=\u00bb699038&#8243;][vc_column column_width_percent=\u00bb100&#8243; align_horizontal=\u00bbalign_center\u00bb gutter_size=\u00bb4&#8243; overlay_alpha=\u00bb50&#8243; shift_x=\u00bb0&#8243; shift_y=\u00bb0&#8243; shift_y_down=\u00bb0&#8243; z_index=\u00bb0&#8243; medium_width=\u00bb0&#8243; mobile_width=\u00bb0&#8243; width=\u00bb1\/1&#8243; uncode_shortcode_id=\u00bb192725&#8243;][vc_custom_heading text_size=\u00bbh4&#8243; uncode_shortcode_id=\u00bb157639&#8243;]<strong>Nuestro Equipo de Direcci\u00f3n<\/strong>[\/vc_custom_heading][vc_row_inner limit_content=\u00bb\u00bb][vc_column_inner column_width_percent=\u00bb100&#8243; align_horizontal=\u00bbalign_center\u00bb gutter_size=\u00bb3&#8243; overlay_alpha=\u00bb50&#8243; shift_x=\u00bb0&#8243; shift_y=\u00bb0&#8243; shift_y_down=\u00bb0&#8243; z_index=\u00bb0&#8243; medium_width=\u00bb0&#8243; mobile_width=\u00bb0&#8243; width=\u00bb1\/3&#8243;][vc_single_image media=\u00bb85387&#8243; media_width_percent=\u00bb100&#8243; media_ratio=\u00bbone-one\u00bb uncode_shortcode_id=\u00bb161186&#8243; el_class=\u00bbpr-rounded\u00bb][vc_custom_heading heading_semantic=\u00bbh3&#8243; text_size=\u00bbfontsize-18px-169524&#8243; sub_reduced=\u00bbyes\u00bb subheading=\u00bbChief Executive Officer\u00bb uncode_shortcode_id=\u00bb130924&#8243;]Kostas Karachalios[\/vc_custom_heading][vc_button button_color=\u00bbcolor-green\u00bb radius=\u00bbbtn-circle\u00bb border_width=\u00bb0&#8243; link=\u00bburl:https%3A%2F%2Fuk.linkedin.com%2Fin%2Fkkarachalios|title:LinkedIn|target:_blank|rel:nofollow\u00bb button_color_type=\u00bbuncode-palette\u00bb uncode_shortcode_id=\u00bb110526&#8243;]LinkedIn[\/vc_button][\/vc_column_inner][vc_column_inner column_width_percent=\u00bb100&#8243; align_horizontal=\u00bbalign_center\u00bb gutter_size=\u00bb3&#8243; overlay_alpha=\u00bb50&#8243; shift_x=\u00bb0&#8243; shift_y=\u00bb0&#8243; shift_y_down=\u00bb0&#8243; z_index=\u00bb0&#8243; medium_width=\u00bb0&#8243; mobile_width=\u00bb0&#8243; width=\u00bb1\/3&#8243;][vc_single_image media=\u00bb85343&#8243; media_width_percent=\u00bb100&#8243; media_ratio=\u00bbone-one\u00bb uncode_shortcode_id=\u00bb128785&#8243; el_class=\u00bbpr-rounded\u00bb][vc_custom_heading heading_semantic=\u00bbh3&#8243; text_size=\u00bbfontsize-18px-169524&#8243; sub_reduced=\u00bbyes\u00bb subheading=\u00bbChief Operating Officer\u00bb]Dimitris Nikolaidis[\/vc_custom_heading][vc_button button_color=\u00bbcolor-green\u00bb radius=\u00bbbtn-circle\u00bb border_width=\u00bb0&#8243; link=\u00bburl:https%3A%2F%2Fuk.linkedin.com%2Fin%2Fdimitris-nikolaidis-12686948|title:LinkedIn|target:_blank|rel:nofollow\u00bb button_color_type=\u00bbuncode-palette\u00bb uncode_shortcode_id=\u00bb465833&#8243;]LinkedIn[\/vc_button][\/vc_column_inner][vc_column_inner column_width_percent=\u00bb100&#8243; align_horizontal=\u00bbalign_center\u00bb gutter_size=\u00bb3&#8243; overlay_alpha=\u00bb50&#8243; shift_x=\u00bb0&#8243; shift_y=\u00bb0&#8243; shift_y_down=\u00bb0&#8243; z_index=\u00bb0&#8243; medium_width=\u00bb0&#8243; mobile_width=\u00bb0&#8243; width=\u00bb1\/3&#8243;][vc_single_image media=\u00bb85345&#8243; media_width_percent=\u00bb100&#8243; media_ratio=\u00bbone-one\u00bb uncode_shortcode_id=\u00bb392792&#8243; el_class=\u00bbpr-rounded\u00bb][vc_custom_heading heading_semantic=\u00bbh3&#8243; text_size=\u00bbfontsize-18px-169524&#8243; sub_reduced=\u00bbyes\u00bb subheading=\u00bbChief Technical Officer\u00bb]Kevin Driscoll-Lind[\/vc_custom_heading][vc_button button_color=\u00bbcolor-green\u00bb radius=\u00bbbtn-circle\u00bb border_width=\u00bb0&#8243; link=\u00bburl:https%3A%2F%2Fuk.linkedin.com%2Fin%2Fkevinlind%2F|title:LinkedIn|target:_blank|rel:nofollow\u00bb button_color_type=\u00bbuncode-palette\u00bb uncode_shortcode_id=\u00bb142763&#8243;]LinkedIn[\/vc_button][\/vc_column_inner][\/vc_row_inner][\/vc_column][\/vc_row][vc_row unlock_row=\u00bb\u00bb row_height_percent=\u00bb0&#8243; override_padding=\u00bbyes\u00bb h_padding=\u00bb2&#8243; top_padding=\u00bb2&#8243; bottom_padding=\u00bb2&#8243; back_image=\u00bb86340&#8243; overlay_color=\u00bbcolor-green\u00bb overlay_alpha=\u00bb100&#8243; gutter_size=\u00bb3&#8243; column_width_percent=\u00bb100&#8243; shift_y=\u00bb0&#8243; z_index=\u00bb0&#8243; el_class=\u00bbbanner-section\u00bb uncode_shortcode_id=\u00bb559559&#8243; overlay_color_type=\u00bbuncode-palette\u00bb][vc_column column_width_percent=\u00bb100&#8243; position_horizontal=\u00bbleft\u00bb position_vertical=\u00bbmiddle\u00bb gutter_size=\u00bb3&#8243; style=\u00bbdark\u00bb overlay_alpha=\u00bb50&#8243; shift_x=\u00bb0&#8243; shift_y=\u00bb0&#8243; shift_y_down=\u00bb0&#8243; z_index=\u00bb0&#8243; medium_width=\u00bb0&#8243; mobile_width=\u00bb0&#8243; width=\u00bb1\/1&#8243; uncode_shortcode_id=\u00bb133292&#8243;][vc_custom_heading text_size=\u00bbh4&#8243; subheading=\u00bbSiempre estamos buscando gente estupenda que se una a nuestro creciente equipo.<br \/>\nExlpore nuestras oportunidades laborales.\u00bb uncode_shortcode_id=\u00bb101864&#8243; text_color_type=\u00bbuncode-palette\u00bb text_color_solid=\u00bb#ff0000&#8243;]<strong>\u00bfInteresado en trabajar con nosotros?<\/strong>[\/vc_custom_heading][vc_button radius=\u00bbbtn-circle\u00bb outline=\u00bbyes\u00bb border_width=\u00bb0&#8243; link=\u00bburl:https%3A%2F%2Fapply.workable.com%2Fperceptual-robotics%2F|title:Careers|target:_blank\u00bb uncode_shortcode_id=\u00bb168069&#8243;]Oportunidades[\/vc_button][\/vc_column][\/vc_row][vc_row row_height_percent=\u00bb0&#8243; override_padding=\u00bbyes\u00bb h_padding=\u00bb2&#8243; top_padding=\u00bb3&#8243; bottom_padding=\u00bb2&#8243; overlay_alpha=\u00bb100&#8243; gutter_size=\u00bb2&#8243; column_width_percent=\u00bb100&#8243; shift_y=\u00bb0&#8243; z_index=\u00bb0&#8243; el_id=\u00bbour-partners.OFF\u00bb uncode_shortcode_id=\u00bb770863&#8243;][vc_column column_width_percent=\u00bb100&#8243; align_horizontal=\u00bbalign_center\u00bb gutter_size=\u00bb3&#8243; overlay_alpha=\u00bb50&#8243; shift_x=\u00bb0&#8243; shift_y=\u00bb0&#8243; shift_y_down=\u00bb0&#8243; z_index=\u00bb0&#8243; medium_width=\u00bb0&#8243; mobile_width=\u00bb0&#8243; width=\u00bb1\/1&#8243; uncode_shortcode_id=\u00bb138773&#8243;][vc_custom_heading text_size=\u00bbh4&#8243; uncode_shortcode_id=\u00bb245340&#8243;]<strong>As\u00f3ciese A Nosotros<\/strong>[\/vc_custom_heading][vc_row_inner row_inner_height_percent=\u00bb0&#8243; overlay_alpha=\u00bb50&#8243; equal_height=\u00bbyes\u00bb gutter_size=\u00bb3&#8243; shift_y=\u00bb0&#8243; z_index=\u00bb0&#8243; el_class=\u00bbpr-iconboxes2&#8243; limit_content=\u00bb\u00bb uncode_shortcode_id=\u00bb715111&#8243;][vc_column_inner column_width_percent=\u00bb100&#8243; gutter_size=\u00bb3&#8243; override_padding=\u00bbyes\u00bb column_padding=\u00bb1&#8243; overlay_alpha=\u00bb50&#8243; shift_x=\u00bb0&#8243; shift_y=\u00bb0&#8243; shift_y_down=\u00bb0&#8243; z_index=\u00bb0&#8243; medium_width=\u00bb0&#8243; mobile_width=\u00bb0&#8243; width=\u00bb1\/3&#8243; uncode_shortcode_id=\u00bb301462&#8243;][vc_column_text uncode_shortcode_id=\u00bb898521&#8243;]<strong>Pilotos De Dron<\/strong><\/p>\n<p><span style=\"font-weight: 400;\">\u00bfEst\u00e1 su empresa de drones buscando ejecutar inspecciones e\u00f3licas competitivas con un sistema totalmente automatizado?<\/span>[\/vc_column_text][vc_button button_color=\u00bbcolor-green\u00bb radius=\u00bbbtn-circle\u00bb border_width=\u00bb0&#8243; link=\u00bburl:http%3A%2F%2Fwww.perceptual-robotics.com%2Fcontact%2F%3Ftopic%3DPartnership%3A%2520Drone%2520Operator%23pr-form-contact|title:Contact\u00bb uncode_shortcode_id=\u00bb167522&#8243; button_color_type=\u00bbuncode-palette\u00bb]Contacte con nosotros hoy[\/vc_button][\/vc_column_inner][vc_column_inner column_width_percent=\u00bb100&#8243; gutter_size=\u00bb3&#8243; override_padding=\u00bbyes\u00bb column_padding=\u00bb0&#8243; overlay_alpha=\u00bb50&#8243; shift_x=\u00bb0&#8243; shift_y=\u00bb0&#8243; shift_y_down=\u00bb0&#8243; z_index=\u00bb0&#8243; medium_width=\u00bb0&#8243; mobile_width=\u00bb0&#8243; width=\u00bb1\/3&#8243; uncode_shortcode_id=\u00bb112920&#8243;][vc_column_text uncode_shortcode_id=\u00bb179079&#8243;]<strong>Expertos En Palas<\/strong><\/p>\n<p><span style=\"font-weight: 400;\">\u00bfEs usted un especialista en composites con experiencia y conocimiento en identificaci\u00f3n y evaluaci\u00f3n\u00a0 de da\u00f1os de palas?<\/span>[\/vc_column_text][vc_button button_color=\u00bbcolor-green\u00bb radius=\u00bbbtn-circle\u00bb border_width=\u00bb0&#8243; link=\u00bburl:http%3A%2F%2Fwww.perceptual-robotics.com%2Fcontact%2F%3Ftopic%3DPartnership%3A%2520Blade%2520Expert%23pr-form-contact|title:Contact\u00bb button_color_type=\u00bbuncode-palette\u00bb uncode_shortcode_id=\u00bb131724&#8243;]Queremos trabajar con usted[\/vc_button][\/vc_column_inner][vc_column_inner column_width_percent=\u00bb100&#8243; gutter_size=\u00bb3&#8243; override_padding=\u00bbyes\u00bb column_padding=\u00bb0&#8243; overlay_alpha=\u00bb50&#8243; shift_x=\u00bb0&#8243; shift_y=\u00bb0&#8243; shift_y_down=\u00bb0&#8243; z_index=\u00bb0&#8243; medium_width=\u00bb0&#8243; mobile_width=\u00bb0&#8243; width=\u00bb1\/3&#8243; uncode_shortcode_id=\u00bb182908&#8243;][vc_column_text uncode_shortcode_id=\u00bb762938&#8243;]<strong>Mantenimiento Y Reparaci\u00f3n<\/strong><\/p>\n<p><span style=\"font-weight: 400;\">\u00bfPertenece a una empresa de reparaci\u00f3n y mantenimiento y est\u00e1 buscando m\u00e1s oportunidades para trabajar con clientes a nivel mundial?<\/span>[\/vc_column_text][vc_button button_color=\u00bbcolor-green\u00bb radius=\u00bbbtn-circle\u00bb border_width=\u00bb0&#8243; link=\u00bburl:http%3A%2F%2Fwww.perceptual-robotics.com%2Fcontact%2F%3Ftopic%3DPartnership%3A%2520Maintenance%2520Company%23pr-form-contact|title:Contact\u00bb button_color_type=\u00bbuncode-palette\u00bb uncode_shortcode_id=\u00bb739235&#8243;]Vamos a hablar[\/vc_button][\/vc_column_inner][\/vc_row_inner][\/vc_column][\/vc_row]<\/p>\n<\/div>","protected":false},"excerpt":{"rendered":"<p>[vc_row row_height_percent=\u00bb0&#8243; override_padding=\u00bbyes\u00bb h_padding=\u00bb2&#8243; top_padding=\u00bb4&#8243; bottom_padding=\u00bb2&#8243; overlay_alpha=\u00bb50&#8243; gutter_size=\u00bb3&#8243; column_width_percent=\u00bb100&#8243; shift_y=\u00bb0&#8243; z_index=\u00bb0&#8243; uncode_shortcode_id=\u00bb155948&#8243;][vc_column width=\u00bb1\/2&#8243;][vc_custom_heading text_size=\u00bbh4&#8243; uncode_shortcode_id=\u00bb211633&#8243;]Sobre Nosotros[\/vc_custom_heading][vc_column_text uncode_shortcode_id=\u00bb121408&#8243;]Fundada en 2016, Perceptual [&hellip;]<\/p>\n","protected":false},"author":1,"featured_media":0,"parent":0,"menu_order":0,"comment_status":"closed","ping_status":"closed","template":"","meta":{"_acf_changed":false,"content-type":"","footnotes":""},"class_list":["post-82686","page","type-page","status-publish","hentry"],"acf":[],"yoast_head":"<!-- This site is optimized with the Yoast SEO plugin v24.8.1 - https:\/\/yoast.com\/wordpress\/plugins\/seo\/ -->\n<title>Sobre Nosotros - Perceptual Robotics<\/title>\n<meta name=\"robots\" content=\"index, follow, max-snippet:-1, max-image-preview:large, max-video-preview:-1\" \/>\n<link rel=\"canonical\" href=\"https:\/\/www.perceptual-robotics.com\/es\/sobre-nosotros\/\" \/>\n<meta property=\"og:locale\" content=\"es_ES\" \/>\n<meta property=\"og:type\" content=\"article\" \/>\n<meta property=\"og:title\" content=\"Sobre Nosotros - Perceptual Robotics\" \/>\n<meta property=\"og:description\" content=\"[vc_row row_height_percent=\u00bb0&#8243; override_padding=\u00bbyes\u00bb h_padding=\u00bb2&#8243; top_padding=\u00bb4&#8243; bottom_padding=\u00bb2&#8243; overlay_alpha=\u00bb50&#8243; gutter_size=\u00bb3&#8243; column_width_percent=\u00bb100&#8243; shift_y=\u00bb0&#8243; z_index=\u00bb0&#8243; uncode_shortcode_id=\u00bb155948&#8243;][vc_column width=\u00bb1\/2&#8243;][vc_custom_heading text_size=\u00bbh4&#8243; uncode_shortcode_id=\u00bb211633&#8243;]Sobre Nosotros[\/vc_custom_heading][vc_column_text uncode_shortcode_id=\u00bb121408&#8243;]Fundada en 2016, Perceptual [&hellip;]\" \/>\n<meta property=\"og:url\" content=\"https:\/\/www.perceptual-robotics.com\/es\/sobre-nosotros\/\" \/>\n<meta property=\"og:site_name\" content=\"Perceptual Robotics\" \/>\n<meta property=\"article:publisher\" content=\"https:\/\/www.facebook.com\/perceptualrobotics\/\" \/>\n<meta property=\"article:modified_time\" content=\"2025-04-29T15:16:24+00:00\" \/>\n<meta property=\"og:image\" content=\"https:\/\/www.perceptual-robotics.com\/wp-content\/uploads\/2024\/09\/DJI_20240105153739_0019_V.jpg\" \/>\n\t<meta property=\"og:image:width\" content=\"1920\" \/>\n\t<meta property=\"og:image:height\" content=\"1439\" \/>\n\t<meta property=\"og:image:type\" content=\"image\/jpeg\" \/>\n<meta name=\"twitter:card\" content=\"summary_large_image\" \/>\n<meta name=\"twitter:site\" content=\"@Perc_Robotics\" \/>\n<meta name=\"twitter:label1\" content=\"Tiempo de lectura\" \/>\n\t<meta name=\"twitter:data1\" content=\"3 minutos\" \/>\n<!-- \/ Yoast SEO plugin. -->","yoast_head_json":{"title":"Sobre Nosotros - Perceptual Robotics","robots":{"index":"index","follow":"follow","max-snippet":"max-snippet:-1","max-image-preview":"max-image-preview:large","max-video-preview":"max-video-preview:-1"},"canonical":"https:\/\/www.perceptual-robotics.com\/es\/sobre-nosotros\/","og_locale":"es_ES","og_type":"article","og_title":"Sobre Nosotros - Perceptual Robotics","og_description":"[vc_row row_height_percent=\u00bb0&#8243; override_padding=\u00bbyes\u00bb h_padding=\u00bb2&#8243; top_padding=\u00bb4&#8243; bottom_padding=\u00bb2&#8243; overlay_alpha=\u00bb50&#8243; gutter_size=\u00bb3&#8243; column_width_percent=\u00bb100&#8243; shift_y=\u00bb0&#8243; z_index=\u00bb0&#8243; uncode_shortcode_id=\u00bb155948&#8243;][vc_column width=\u00bb1\/2&#8243;][vc_custom_heading text_size=\u00bbh4&#8243; uncode_shortcode_id=\u00bb211633&#8243;]Sobre Nosotros[\/vc_custom_heading][vc_column_text uncode_shortcode_id=\u00bb121408&#8243;]Fundada en 2016, Perceptual [&hellip;]","og_url":"https:\/\/www.perceptual-robotics.com\/es\/sobre-nosotros\/","og_site_name":"Perceptual Robotics","article_publisher":"https:\/\/www.facebook.com\/perceptualrobotics\/","article_modified_time":"2025-04-29T15:16:24+00:00","og_image":[{"width":1920,"height":1439,"url":"https:\/\/www.perceptual-robotics.com\/wp-content\/uploads\/2024\/09\/DJI_20240105153739_0019_V.jpg","type":"image\/jpeg"}],"twitter_card":"summary_large_image","twitter_site":"@Perc_Robotics","twitter_misc":{"Tiempo de lectura":"3 minutos"},"schema":{"@context":"https:\/\/schema.org","@graph":[{"@type":"WebPage","@id":"https:\/\/www.perceptual-robotics.com\/es\/sobre-nosotros\/","url":"https:\/\/www.perceptual-robotics.com\/es\/sobre-nosotros\/","name":"Sobre Nosotros - Perceptual Robotics","isPartOf":{"@id":"https:\/\/www.perceptual-robotics.com\/es\/#website"},"datePublished":"2022-02-19T15:32:50+00:00","dateModified":"2025-04-29T15:16:24+00:00","breadcrumb":{"@id":"https:\/\/www.perceptual-robotics.com\/es\/sobre-nosotros\/#breadcrumb"},"inLanguage":"es","potentialAction":[{"@type":"ReadAction","target":["https:\/\/www.perceptual-robotics.com\/es\/sobre-nosotros\/"]}]},{"@type":"BreadcrumbList","@id":"https:\/\/www.perceptual-robotics.com\/es\/sobre-nosotros\/#breadcrumb","itemListElement":[{"@type":"ListItem","position":1,"name":"Home","item":"https:\/\/www.perceptual-robotics.com\/es\/"},{"@type":"ListItem","position":2,"name":"Sobre Nosotros"}]},{"@type":"WebSite","@id":"https:\/\/www.perceptual-robotics.com\/es\/#website","url":"https:\/\/www.perceptual-robotics.com\/es\/","name":"Perceptual Robotics","description":"Automated wind turbine inspections","publisher":{"@id":"https:\/\/www.perceptual-robotics.com\/es\/#organization"},"potentialAction":[{"@type":"SearchAction","target":{"@type":"EntryPoint","urlTemplate":"https:\/\/www.perceptual-robotics.com\/es\/?s={search_term_string}"},"query-input":{"@type":"PropertyValueSpecification","valueRequired":true,"valueName":"search_term_string"}}],"inLanguage":"es"},{"@type":"Organization","@id":"https:\/\/www.perceptual-robotics.com\/es\/#organization","name":"Perceptual Robotics","url":"https:\/\/www.perceptual-robotics.com\/es\/","logo":{"@type":"ImageObject","inLanguage":"es","@id":"https:\/\/www.perceptual-robotics.com\/es\/#\/schema\/logo\/image\/","url":"https:\/\/www.perceptual-robotics.com\/wp-content\/uploads\/2021\/06\/home-video-poster.jpg","contentUrl":"https:\/\/www.perceptual-robotics.com\/wp-content\/uploads\/2021\/06\/home-video-poster.jpg","width":1280,"height":676,"caption":"Perceptual Robotics"},"image":{"@id":"https:\/\/www.perceptual-robotics.com\/es\/#\/schema\/logo\/image\/"},"sameAs":["https:\/\/www.facebook.com\/perceptualrobotics\/","https:\/\/x.com\/Perc_Robotics","https:\/\/www.linkedin.com\/company\/perceptual-robotics\/","https:\/\/www.youtube.com\/channel\/UCZP4-T_Xl9xDRkdx6TEZEQw"]}]}},"_links":{"self":[{"href":"https:\/\/www.perceptual-robotics.com\/es\/wp-json\/wp\/v2\/pages\/82686","targetHints":{"allow":["GET"]}}],"collection":[{"href":"https:\/\/www.perceptual-robotics.com\/es\/wp-json\/wp\/v2\/pages"}],"about":[{"href":"https:\/\/www.perceptual-robotics.com\/es\/wp-json\/wp\/v2\/types\/page"}],"author":[{"embeddable":true,"href":"https:\/\/www.perceptual-robotics.com\/es\/wp-json\/wp\/v2\/users\/1"}],"replies":[{"embeddable":true,"href":"https:\/\/www.perceptual-robotics.com\/es\/wp-json\/wp\/v2\/comments?post=82686"}],"version-history":[{"count":29,"href":"https:\/\/www.perceptual-robotics.com\/es\/wp-json\/wp\/v2\/pages\/82686\/revisions"}],"predecessor-version":[{"id":86604,"href":"https:\/\/www.perceptual-robotics.com\/es\/wp-json\/wp\/v2\/pages\/82686\/revisions\/86604"}],"wp:attachment":[{"href":"https:\/\/www.perceptual-robotics.com\/es\/wp-json\/wp\/v2\/media?parent=82686"}],"curies":[{"name":"wp","href":"https:\/\/api.w.org\/{rel}","templated":true}]}}