{"id":82691,"date":"2022-02-19T15:35:25","date_gmt":"2022-02-19T15:35:25","guid":{"rendered":"https:\/\/www.perceptual-robotics.com\/?page_id=82691"},"modified":"2025-04-28T10:13:42","modified_gmt":"2025-04-28T09:13:42","slug":"noticias","status":"publish","type":"page","link":"https:\/\/www.perceptual-robotics.com\/es\/noticias\/","title":{"rendered":"Noticias"},"content":{"rendered":"<div class=\"wpb-content-wrapper\"><p>[vc_row unlock_row_content=\u00bbyes\u00bb row_height_percent=\u00bb0&#8243; override_padding=\u00bbyes\u00bb h_padding=\u00bb2&#8243; top_padding=\u00bb3&#8243; bottom_padding=\u00bb3&#8243; overlay_alpha=\u00bb50&#8243; gutter_size=\u00bb3&#8243; column_width_percent=\u00bb100&#8243; shift_y=\u00bb0&#8243; z_index=\u00bb0&#8243; uncode_shortcode_id=\u00bb983685&#8243;][vc_column column_width_use_pixel=\u00bbyes\u00bb gutter_size=\u00bb3&#8243; overlay_alpha=\u00bb50&#8243; shift_x=\u00bb0&#8243; shift_y=\u00bb0&#8243; shift_y_down=\u00bb0&#8243; z_index=\u00bb0&#8243; medium_width=\u00bb0&#8243; mobile_width=\u00bb0&#8243; width=\u00bb1\/1&#8243; uncode_shortcode_id=\u00bb170364&#8243;][uncode_index el_id=\u00bbindex-52122&#8243; isotope_mode=\u00bbfitRows\u00bb loop=\u00bbsize:9|order_by:date|order:DESC|post_type:post|taxonomy_count:10&#8243; screen_lg=\u00bb1000&#8243; screen_md=\u00bb600&#8243; screen_sm=\u00bb480&#8243; gutter_size=\u00bb4&#8243; post_items=\u00bbdate,media|featured|onpost|original,title,spacer|half,spacer_two|half,text|full|180&#8243; pagination=\u00bbyes\u00bb images_size=\u00bbsixteen-nine\u00bb single_shape=\u00bbround\u00bb radius=\u00bblg\u00bb single_overlay_opacity=\u00bb50&#8243; single_overlay_anim=\u00bbno\u00bb single_text_anim=\u00bbno\u00bb single_image_anim=\u00bbno\u00bb single_padding=\u00bb1&#8243; single_title_semantic=\u00bbh2&#8243; single_title_dimension=\u00bbfontsize-24px-100522&#8243; single_shadow=\u00bbyes\u00bb shadow_weight=\u00bbsm\u00bb single_border=\u00bbyes\u00bb uncode_shortcode_id=\u00bb192818&#8243;][\/vc_column][\/vc_row][vc_row row_height_percent=\u00bb0&#8243; override_padding=\u00bbyes\u00bb h_padding=\u00bb2&#8243; top_padding=\u00bb2&#8243; bottom_padding=\u00bb3&#8243; overlay_alpha=\u00bb50&#8243; gutter_size=\u00bb3&#8243; column_width_percent=\u00bb100&#8243; shift_y=\u00bb0&#8243; z_index=\u00bb0&#8243; uncode_shortcode_id=\u00bb531474&#8243;][vc_column column_width_percent=\u00bb100&#8243; align_horizontal=\u00bbalign_center\u00bb gutter_size=\u00bb4&#8243; overlay_alpha=\u00bb50&#8243; shift_x=\u00bb0&#8243; shift_y=\u00bb0&#8243; shift_y_down=\u00bb0&#8243; z_index=\u00bb0&#8243; medium_width=\u00bb0&#8243; mobile_width=\u00bb0&#8243; width=\u00bb1\/1&#8243; uncode_shortcode_id=\u00bb123194&#8243;][vc_custom_heading text_size=\u00bbh4&#8243; uncode_shortcode_id=\u00bb789957&#8243;]<b>Como aparece en<\/b>[\/vc_custom_heading][vc_gallery el_id=\u00bbgallery-724631&#8243; type=\u00bbcarousel\u00bb medias=\u00bb85921,85923,85925,85927,85929,85931,85933,85935&#8243; carousel_lg=\u00bb6&#8243; carousel_md=\u00bb4&#8243; carousel_sm=\u00bb1&#8243; gutter_size=\u00bb3&#8243; media_items=\u00bbmedia|nolink|original\u00bb carousel_v_align=\u00bbmiddle\u00bb carousel_interval=\u00bb3000&#8243; carousel_navspeed=\u00bb400&#8243; carousel_loop=\u00bbyes\u00bb carousel_nav_skin=\u00bbdark\u00bb stage_padding=\u00bb0&#8243; single_overlay_opacity=\u00bb50&#8243; single_overlay_anim=\u00bbno\u00bb single_text_anim=\u00bbno\u00bb single_image_coloration=\u00bbdesaturated\u00bb single_image_anim=\u00bbno\u00bb single_padding=\u00bb2&#8243; single_border=\u00bbyes\u00bb uncode_shortcode_id=\u00bb134087&#8243;][\/vc_column][\/vc_row][vc_row unlock_row=\u00bb\u00bb row_height_percent=\u00bb0&#8243; override_padding=\u00bbyes\u00bb h_padding=\u00bb2&#8243; top_padding=\u00bb2&#8243; bottom_padding=\u00bb1&#8243; back_image=\u00bb86340&#8243; overlay_color=\u00bbcolor-green\u00bb overlay_alpha=\u00bb100&#8243; gutter_size=\u00bb3&#8243; column_width_percent=\u00bb100&#8243; shift_y=\u00bb0&#8243; z_index=\u00bb0&#8243; el_class=\u00bbbanner-section\u00bb uncode_shortcode_id=\u00bb234875&#8243; overlay_color_type=\u00bbuncode-palette\u00bb][vc_column column_width_use_pixel=\u00bbyes\u00bb position_horizontal=\u00bbleft\u00bb position_vertical=\u00bbmiddle\u00bb gutter_size=\u00bb3&#8243; override_padding=\u00bbyes\u00bb column_padding=\u00bb2&#8243; style=\u00bbdark\u00bb overlay_alpha=\u00bb50&#8243; shift_x=\u00bb0&#8243; shift_y=\u00bb0&#8243; shift_y_down=\u00bb0&#8243; z_index=\u00bb0&#8243; medium_width=\u00bb0&#8243; mobile_width=\u00bb0&#8243; width=\u00bb1\/1&#8243; el_class=\u00bbbanner-section\u00bb uncode_shortcode_id=\u00bb150465&#8243;][vc_row_inner row_inner_height_percent=\u00bb0&#8243; overlay_alpha=\u00bb50&#8243; gutter_size=\u00bb3&#8243; shift_y=\u00bb0&#8243; z_index=\u00bb0&#8243; uncode_shortcode_id=\u00bb197577&#8243; el_class=\u00bbpr-subscribe-form\u00bb limit_content=\u00bb\u00bb][vc_column_inner column_width_percent=\u00bb60&#8243; position_horizontal=\u00bbleft\u00bb gutter_size=\u00bb2&#8243; style=\u00bbdark\u00bb overlay_alpha=\u00bb50&#8243; shift_x=\u00bb0&#8243; shift_y=\u00bb0&#8243; shift_y_down=\u00bb0&#8243; z_index=\u00bb0&#8243; medium_width=\u00bb0&#8243; mobile_width=\u00bb0&#8243; width=\u00bb1\/1&#8243; uncode_shortcode_id=\u00bb758885&#8243;][vc_custom_heading text_size=\u00bbh4&#8243; subheading=\u00bbMant\u00e9ngase al d\u00eda de nuestras novedades m\u00e1s recientes suscribi\u00e9ndose a nuestro bolet\u00edn de noticias mensual.\u00bb uncode_shortcode_id=\u00bb200946&#8243;]<span style=\"font-weight: 400;\">\u00daltimas novedades<\/span><\/p>\n<p>&nbsp;[\/vc_custom_heading][vc_column_text uncode_shortcode_id=\u00bb302214&#8243;]\n\t\t\t\t\t<script>\n\t\t\t\t\t\twindow.hsFormsOnReady = window.hsFormsOnReady || [];\n\t\t\t\t\t\twindow.hsFormsOnReady.push(()=>{\n\t\t\t\t\t\t\thbspt.forms.create({\n\t\t\t\t\t\t\t\tportalId: 25809658,\n\t\t\t\t\t\t\t\tformId: \"8d40f786-6e23-455e-9a9c-9ee85e9754a8\",\n\t\t\t\t\t\t\t\ttarget: \"#hbspt-form-1776036441000-2479596694\",\n\t\t\t\t\t\t\t\tregion: \"eu1\",\n\t\t\t\t\t\t\t\t\n\t\t\t\t\t\t})});\n\t\t\t\t\t<\/script>\n\t\t\t\t\t<div class=\"hbspt-form\" id=\"hbspt-form-1776036441000-2479596694\"><\/div>[\/vc_column_text][vc_column_text text_lead=\u00bbsmall\u00bb text_color=\u00bbcolor-xsdn\u00bb uncode_shortcode_id=\u00bb405669&#8243; el_class=\u00bbfontsize-14px\u00bb text_color_type=\u00bbuncode-palette\u00bb]Este sitio est\u00e1 protegido por reCAPTCHA y se aplican la <a href=\"https:\/\/policies.google.com\/privacy\">Pol\u00edtica de privacidad<\/a> y las <a href=\"https:\/\/policies.google.com\/terms\">Condiciones del servicio<\/a> de Google.[\/vc_column_text][\/vc_column_inner][\/vc_row_inner][\/vc_column][\/vc_row]<\/p>\n<\/div>","protected":false},"excerpt":{"rendered":"<p>[vc_row unlock_row_content=\u00bbyes\u00bb row_height_percent=\u00bb0&#8243; override_padding=\u00bbyes\u00bb h_padding=\u00bb2&#8243; top_padding=\u00bb3&#8243; bottom_padding=\u00bb3&#8243; overlay_alpha=\u00bb50&#8243; gutter_size=\u00bb3&#8243; column_width_percent=\u00bb100&#8243; shift_y=\u00bb0&#8243; z_index=\u00bb0&#8243; uncode_shortcode_id=\u00bb983685&#8243;][vc_column column_width_use_pixel=\u00bbyes\u00bb gutter_size=\u00bb3&#8243; overlay_alpha=\u00bb50&#8243; shift_x=\u00bb0&#8243; shift_y=\u00bb0&#8243; shift_y_down=\u00bb0&#8243; z_index=\u00bb0&#8243; [&hellip;]<\/p>\n","protected":false},"author":1,"featured_media":0,"parent":0,"menu_order":0,"comment_status":"closed","ping_status":"closed","template":"","meta":{"_acf_changed":false,"content-type":"","footnotes":""},"class_list":["post-82691","page","type-page","status-publish","hentry"],"acf":[],"yoast_head":"<!-- This site is optimized with the Yoast SEO plugin v24.8.1 - https:\/\/yoast.com\/wordpress\/plugins\/seo\/ -->\n<title>Noticias - Perceptual Robotics<\/title>\n<meta name=\"robots\" content=\"index, follow, max-snippet:-1, max-image-preview:large, max-video-preview:-1\" \/>\n<link rel=\"canonical\" href=\"https:\/\/www.perceptual-robotics.com\/es\/noticias\/\" \/>\n<meta property=\"og:locale\" content=\"es_ES\" \/>\n<meta property=\"og:type\" content=\"article\" \/>\n<meta property=\"og:title\" content=\"Noticias - Perceptual Robotics\" \/>\n<meta property=\"og:description\" content=\"[vc_row unlock_row_content=\u00bbyes\u00bb row_height_percent=\u00bb0&#8243; override_padding=\u00bbyes\u00bb h_padding=\u00bb2&#8243; top_padding=\u00bb3&#8243; bottom_padding=\u00bb3&#8243; overlay_alpha=\u00bb50&#8243; gutter_size=\u00bb3&#8243; column_width_percent=\u00bb100&#8243; shift_y=\u00bb0&#8243; z_index=\u00bb0&#8243; uncode_shortcode_id=\u00bb983685&#8243;][vc_column column_width_use_pixel=\u00bbyes\u00bb gutter_size=\u00bb3&#8243; overlay_alpha=\u00bb50&#8243; shift_x=\u00bb0&#8243; shift_y=\u00bb0&#8243; shift_y_down=\u00bb0&#8243; z_index=\u00bb0&#8243; [&hellip;]\" \/>\n<meta property=\"og:url\" content=\"https:\/\/www.perceptual-robotics.com\/es\/noticias\/\" \/>\n<meta property=\"og:site_name\" content=\"Perceptual Robotics\" \/>\n<meta property=\"article:publisher\" content=\"https:\/\/www.facebook.com\/perceptualrobotics\/\" \/>\n<meta property=\"article:modified_time\" content=\"2025-04-28T09:13:42+00:00\" \/>\n<meta property=\"og:image\" content=\"https:\/\/www.perceptual-robotics.com\/wp-content\/uploads\/2024\/09\/DJI_20240105153739_0019_V.jpg\" \/>\n\t<meta property=\"og:image:width\" content=\"1920\" \/>\n\t<meta property=\"og:image:height\" content=\"1439\" \/>\n\t<meta property=\"og:image:type\" content=\"image\/jpeg\" \/>\n<meta name=\"twitter:card\" content=\"summary_large_image\" \/>\n<meta name=\"twitter:site\" content=\"@Perc_Robotics\" \/>\n<meta name=\"twitter:label1\" content=\"Tiempo de lectura\" \/>\n\t<meta name=\"twitter:data1\" content=\"1 minuto\" \/>\n<!-- \/ Yoast SEO plugin. -->","yoast_head_json":{"title":"Noticias - Perceptual Robotics","robots":{"index":"index","follow":"follow","max-snippet":"max-snippet:-1","max-image-preview":"max-image-preview:large","max-video-preview":"max-video-preview:-1"},"canonical":"https:\/\/www.perceptual-robotics.com\/es\/noticias\/","og_locale":"es_ES","og_type":"article","og_title":"Noticias - Perceptual Robotics","og_description":"[vc_row unlock_row_content=\u00bbyes\u00bb row_height_percent=\u00bb0&#8243; override_padding=\u00bbyes\u00bb h_padding=\u00bb2&#8243; top_padding=\u00bb3&#8243; bottom_padding=\u00bb3&#8243; overlay_alpha=\u00bb50&#8243; gutter_size=\u00bb3&#8243; column_width_percent=\u00bb100&#8243; shift_y=\u00bb0&#8243; z_index=\u00bb0&#8243; uncode_shortcode_id=\u00bb983685&#8243;][vc_column column_width_use_pixel=\u00bbyes\u00bb gutter_size=\u00bb3&#8243; overlay_alpha=\u00bb50&#8243; shift_x=\u00bb0&#8243; shift_y=\u00bb0&#8243; shift_y_down=\u00bb0&#8243; z_index=\u00bb0&#8243; [&hellip;]","og_url":"https:\/\/www.perceptual-robotics.com\/es\/noticias\/","og_site_name":"Perceptual Robotics","article_publisher":"https:\/\/www.facebook.com\/perceptualrobotics\/","article_modified_time":"2025-04-28T09:13:42+00:00","og_image":[{"width":1920,"height":1439,"url":"https:\/\/www.perceptual-robotics.com\/wp-content\/uploads\/2024\/09\/DJI_20240105153739_0019_V.jpg","type":"image\/jpeg"}],"twitter_card":"summary_large_image","twitter_site":"@Perc_Robotics","twitter_misc":{"Tiempo de lectura":"1 minuto"},"schema":{"@context":"https:\/\/schema.org","@graph":[{"@type":"WebPage","@id":"https:\/\/www.perceptual-robotics.com\/es\/noticias\/","url":"https:\/\/www.perceptual-robotics.com\/es\/noticias\/","name":"Noticias - Perceptual Robotics","isPartOf":{"@id":"https:\/\/www.perceptual-robotics.com\/es\/#website"},"datePublished":"2022-02-19T15:35:25+00:00","dateModified":"2025-04-28T09:13:42+00:00","breadcrumb":{"@id":"https:\/\/www.perceptual-robotics.com\/es\/noticias\/#breadcrumb"},"inLanguage":"es","potentialAction":[{"@type":"ReadAction","target":["https:\/\/www.perceptual-robotics.com\/es\/noticias\/"]}]},{"@type":"BreadcrumbList","@id":"https:\/\/www.perceptual-robotics.com\/es\/noticias\/#breadcrumb","itemListElement":[{"@type":"ListItem","position":1,"name":"Home","item":"https:\/\/www.perceptual-robotics.com\/es\/"},{"@type":"ListItem","position":2,"name":"Noticias"}]},{"@type":"WebSite","@id":"https:\/\/www.perceptual-robotics.com\/es\/#website","url":"https:\/\/www.perceptual-robotics.com\/es\/","name":"Perceptual Robotics","description":"Automated wind turbine inspections","publisher":{"@id":"https:\/\/www.perceptual-robotics.com\/es\/#organization"},"potentialAction":[{"@type":"SearchAction","target":{"@type":"EntryPoint","urlTemplate":"https:\/\/www.perceptual-robotics.com\/es\/?s={search_term_string}"},"query-input":{"@type":"PropertyValueSpecification","valueRequired":true,"valueName":"search_term_string"}}],"inLanguage":"es"},{"@type":"Organization","@id":"https:\/\/www.perceptual-robotics.com\/es\/#organization","name":"Perceptual Robotics","url":"https:\/\/www.perceptual-robotics.com\/es\/","logo":{"@type":"ImageObject","inLanguage":"es","@id":"https:\/\/www.perceptual-robotics.com\/es\/#\/schema\/logo\/image\/","url":"https:\/\/www.perceptual-robotics.com\/wp-content\/uploads\/2021\/06\/home-video-poster.jpg","contentUrl":"https:\/\/www.perceptual-robotics.com\/wp-content\/uploads\/2021\/06\/home-video-poster.jpg","width":1280,"height":676,"caption":"Perceptual Robotics"},"image":{"@id":"https:\/\/www.perceptual-robotics.com\/es\/#\/schema\/logo\/image\/"},"sameAs":["https:\/\/www.facebook.com\/perceptualrobotics\/","https:\/\/x.com\/Perc_Robotics","https:\/\/www.linkedin.com\/company\/perceptual-robotics\/","https:\/\/www.youtube.com\/channel\/UCZP4-T_Xl9xDRkdx6TEZEQw"]}]}},"_links":{"self":[{"href":"https:\/\/www.perceptual-robotics.com\/es\/wp-json\/wp\/v2\/pages\/82691","targetHints":{"allow":["GET"]}}],"collection":[{"href":"https:\/\/www.perceptual-robotics.com\/es\/wp-json\/wp\/v2\/pages"}],"about":[{"href":"https:\/\/www.perceptual-robotics.com\/es\/wp-json\/wp\/v2\/types\/page"}],"author":[{"embeddable":true,"href":"https:\/\/www.perceptual-robotics.com\/es\/wp-json\/wp\/v2\/users\/1"}],"replies":[{"embeddable":true,"href":"https:\/\/www.perceptual-robotics.com\/es\/wp-json\/wp\/v2\/comments?post=82691"}],"version-history":[{"count":23,"href":"https:\/\/www.perceptual-robotics.com\/es\/wp-json\/wp\/v2\/pages\/82691\/revisions"}],"predecessor-version":[{"id":86548,"href":"https:\/\/www.perceptual-robotics.com\/es\/wp-json\/wp\/v2\/pages\/82691\/revisions\/86548"}],"wp:attachment":[{"href":"https:\/\/www.perceptual-robotics.com\/es\/wp-json\/wp\/v2\/media?parent=82691"}],"curies":[{"name":"wp","href":"https:\/\/api.w.org\/{rel}","templated":true}]}}