{"id":82779,"date":"2022-02-20T17:58:31","date_gmt":"2022-02-20T17:58:31","guid":{"rendered":"https:\/\/www.perceptual-robotics.com\/?page_id=82779"},"modified":"2025-06-16T10:21:48","modified_gmt":"2025-06-16T09:21:48","slug":"contact","status":"publish","type":"page","link":"https:\/\/www.perceptual-robotics.com\/es\/contact\/","title":{"rendered":"Contacto"},"content":{"rendered":"<div class=\"wpb-content-wrapper\"><p>[vc_row row_height_percent=\u00bb0&#8243; override_padding=\u00bbyes\u00bb h_padding=\u00bb2&#8243; top_padding=\u00bb5&#8243; bottom_padding=\u00bb5&#8243; overlay_alpha=\u00bb50&#8243; gutter_size=\u00bb4&#8243; column_width_percent=\u00bb100&#8243; shift_y=\u00bb0&#8243; z_index=\u00bb0&#8243; uncode_shortcode_id=\u00bb661721&#8243;][vc_column column_width_percent=\u00bb100&#8243; gutter_size=\u00bb3&#8243; overlay_alpha=\u00bb50&#8243; shift_x=\u00bb0&#8243; shift_y=\u00bb0&#8243; shift_y_down=\u00bb0&#8243; z_index=\u00bb0&#8243; medium_width=\u00bb0&#8243; mobile_width=\u00bb0&#8243; width=\u00bb1\/2&#8243; uncode_shortcode_id=\u00bb688996&#8243;][vc_custom_heading heading_semantic=\u00bbh1&#8243; text_size=\u00bbh4&#8243; uncode_shortcode_id=\u00bb833925&#8243;]Contacte con nosotros hoy[\/vc_custom_heading][vc_column_text uncode_shortcode_id=\u00bb101589&#8243;]Puede rellenar el formulario de contacto o ponerse en contacto con nosotros en <strong><a href=\"mailto:info@perceptual-robotics.com\">info@perceptual-robotics.com<\/a><\/strong>.<\/p>\n<p>Si necesita una respuesta inmediata, puede chatear en directo con un miembro de nuestro equipo de ventas. S\u00f3lo tiene que hacer clic en el icono azul de chat de la esquina inferior derecha de la pantalla para iniciar la conversaci\u00f3n.<\/p>\n<p>&nbsp;<\/p>\n<p>Si eres un piloto y necesitas asistencia, ponte en contacto con nuestro equipo de soporte a trav\u00e9s del n\u00famero de WhatsApp\u00a0<a class=\"c-link\" href=\"tel:+441174869467\" target=\"_blank\" rel=\"noopener noreferrer\" data-stringify-link=\"tel:+441174869467\" data-sk=\"tooltip_parent\">+44 117 486 9467<\/a>\u00a0o del chat en directo de la p\u00e1gina de\u00a0<strong><a class=\"c-link\" href=\"https:\/\/www.perceptual-robotics.com\/es\/portal-de-soporte\/\" target=\"_blank\" rel=\"noopener noreferrer\" data-stringify-link=\"https:\/\/www.perceptual-robotics.com\/support\/\" data-sk=\"tooltip_parent\">Soporte<\/a><\/strong>.[\/vc_column_text][\/vc_column][vc_column column_width_percent=\u00bb100&#8243; gutter_size=\u00bb0&#8243; override_padding=\u00bbyes\u00bb column_padding=\u00bb2&#8243; overlay_alpha=\u00bb50&#8243; shift_x=\u00bb0&#8243; shift_y=\u00bb0&#8243; shift_y_down=\u00bb0&#8243; z_index=\u00bb0&#8243; medium_width=\u00bb0&#8243; mobile_width=\u00bb0&#8243; width=\u00bb1\/2&#8243; uncode_shortcode_id=\u00bb571745&#8243; el_id=\u00bbpr-form-contact\u00bb el_class=\u00bbpr-form-contact pr-rounded\u00bb]\n<div class=\"wpcf7 no-js\" id=\"wpcf7-f84442-o1\" lang=\"es-ES\" dir=\"ltr\" data-wpcf7-id=\"84442\">\n<div class=\"screen-reader-response\"><p role=\"status\" aria-live=\"polite\" aria-atomic=\"true\"><\/p> <ul><\/ul><\/div>\n<form action=\"\/es\/wp-json\/wp\/v2\/pages\/82779#wpcf7-f84442-o1\" method=\"post\" class=\"wpcf7-form init\" aria-label=\"Formulario de contacto\" novalidate=\"novalidate\" data-status=\"init\">\n<div style=\"display: none;\">\n<input type=\"hidden\" name=\"_wpcf7\" value=\"84442\" \/>\n<input type=\"hidden\" name=\"_wpcf7_version\" value=\"6.0.5\" \/>\n<input type=\"hidden\" name=\"_wpcf7_locale\" value=\"es_ES\" \/>\n<input type=\"hidden\" name=\"_wpcf7_unit_tag\" value=\"wpcf7-f84442-o1\" \/>\n<input type=\"hidden\" name=\"_wpcf7_container_post\" value=\"0\" \/>\n<input type=\"hidden\" name=\"_wpcf7_posted_data_hash\" value=\"\" \/>\n<input type=\"hidden\" name=\"_wpcf7cf_hidden_group_fields\" value=\"[]\" \/>\n<input type=\"hidden\" name=\"_wpcf7cf_hidden_groups\" value=\"[]\" \/>\n<input type=\"hidden\" name=\"_wpcf7cf_visible_groups\" value=\"[]\" \/>\n<input type=\"hidden\" name=\"_wpcf7cf_repeaters\" value=\"[]\" \/>\n<input type=\"hidden\" name=\"_wpcf7cf_steps\" value=\"{}\" \/>\n<input type=\"hidden\" name=\"_wpcf7cf_options\" value=\"{&quot;form_id&quot;:84442,&quot;conditions&quot;:[],&quot;settings&quot;:{&quot;animation&quot;:&quot;yes&quot;,&quot;animation_intime&quot;:200,&quot;animation_outtime&quot;:200,&quot;conditions_ui&quot;:&quot;normal&quot;,&quot;notice_dismissed&quot;:false,&quot;notice_dismissed_rollback-cf7-5.4.1&quot;:true}}\" \/>\n<input type=\"hidden\" name=\"_wpcf7_recaptcha_response\" value=\"\" \/>\n<\/div>\n<div class=\"row\">\n\t<div class=\"col-lg-6\">\n\t\t<p><label for=\"firstname\"> Nombre* <\/label><br \/>\n<span class=\"wpcf7-form-control-wrap\" data-name=\"firstname\"><input size=\"40\" maxlength=\"400\" class=\"wpcf7-form-control wpcf7-text wpcf7-validates-as-required\" id=\"firstname\" aria-required=\"true\" aria-invalid=\"false\" value=\"\" type=\"text\" name=\"firstname\" \/><\/span>\n\t\t<\/p>\n\t<\/div>\n\t<div class=\"col-lg-6\">\n\t\t<p><label for=\"lastname\"> Apellido* <\/label><br \/>\n<span class=\"wpcf7-form-control-wrap\" data-name=\"lastname\"><input size=\"40\" maxlength=\"400\" class=\"wpcf7-form-control wpcf7-text wpcf7-validates-as-required\" id=\"lastname\" aria-required=\"true\" aria-invalid=\"false\" value=\"\" type=\"text\" name=\"lastname\" \/><\/span>\n\t\t<\/p>\n\t<\/div>\n<\/div>\n<p><label for=\"email\"> Correo Electr\u00f3nico* <\/label><br \/>\n<span class=\"wpcf7-form-control-wrap\" data-name=\"email\"><input size=\"40\" maxlength=\"400\" class=\"wpcf7-form-control wpcf7-email wpcf7-validates-as-required wpcf7-text wpcf7-validates-as-email\" id=\"email\" aria-required=\"true\" aria-invalid=\"false\" value=\"\" type=\"email\" name=\"email\" \/><\/span>\n<\/p>\n<p><label for=\"select-topic\"> Topic <\/label><br \/>\n<span class=\"wpcf7-form-control-wrap\" data-name=\"select-solution\"><select class=\"wpcf7-form-control wpcf7-select\" id=\"select-topic\" aria-invalid=\"false\" name=\"select-solution\"><option value=\"\">Por favor seleccione un tema<\/option><option value=\"Oportunidades de Colaboraci\u00f3n\">Oportunidades de Colaboraci\u00f3n<\/option><option value=\"Servicios de Inspecci\u00f3n\">Servicios de Inspecci\u00f3n<\/option><option value=\"Adquisici\u00f3n de Dhalion y Formaci\u00f3n\">Adquisici\u00f3n de Dhalion y Formaci\u00f3n<\/option><option value=\"Servicios de Procesado de Im\u00e1genes\">Servicios de Procesado de Im\u00e1genes<\/option><option value=\"Otros\">Otros<\/option><\/select><\/span>\n<\/p>\n<p><label for=\"message\"> Mensaje* <\/label><br \/>\n<span class=\"wpcf7-form-control-wrap\" data-name=\"message\"><textarea cols=\"40\" rows=\"10\" maxlength=\"2000\" class=\"wpcf7-form-control wpcf7-textarea\" id=\"message\" aria-invalid=\"false\" name=\"message\"><\/textarea><\/span>\n<\/p>\n<p><!-- Mailchimp for WordPress v4.10.2 - https:\/\/www.mc4wp.com\/ --><input type=\"hidden\" name=\"_mc4wp_subscribe_contact-form-7\" value=\"0\" \/><span class=\"mc4wp-checkbox mc4wp-checkbox-contact-form-7 \"><label><input type=\"checkbox\" name=\"_mc4wp_subscribe_contact-form-7\" value=\"1\" ><span>&nbsp;&nbsp;Me gustar\u00eda suscribir a vuestra Newsletter.<\/span><\/label><\/span><!-- \/ Mailchimp for WordPress -->\n<\/p>\n<p><span class=\"btn-container\"><br \/>\n<button type=\"submit\" class=\"custom-link btn border-width-0 btn-default btn-circle btn-icon-left\" title=\"Enviar\">Enviar<\/button><br \/>\n<\/span>\n<\/p><input type='hidden' class='wpcf7-pum' value='{\"closepopup\":false,\"closedelay\":0,\"openpopup\":false,\"openpopup_id\":0}' \/><div class=\"wpcf7-response-output\" aria-hidden=\"true\"><\/div>\n<\/form>\n<\/div>\n[vc_raw_js]JTNDc2NyaXB0JTIwdHlwZSUzRCUyMnRleHQlMkZqYXZhc2NyaXB0JTIyJTNFJTBBJTJGJTJBJTBBJTBBJTIwJTIwZG9jdW1lbnQuYWRkRXZlbnRMaXN0ZW5lciUyOCUyN3dwY2Y3bWFpbHNlbnQlMjclMkMlMjBmdW5jdGlvbiUyOGV2ZW50JTI5JTIwJTdCJTBBJTIwJTIwJTIwJTIwZ3RhZyUyOCUyN2V2ZW50JTI3JTJDJTIwJTI3c2VuZCUyNyUyQyUyMCU3QiUwQSUyMCUyMCUyMCUyMCUyMCUyMCUyN2V2ZW50X2NhdGVnb3J5JTI3JTNBJTIwJTI3Q0Y3JTIwRm9ybSUyNyUyQyUwQSUyMCUyMCUyMCUyMCUyMCUyMCUyN2V2ZW50X2FjdGlvbiUyNyUzQSUyMCUyN1N1Ym1pc3Npb24lMjclMEElMjAlMjAlMjAlMjAlN0QlMjklM0IlMEElMjAlMjAlMjAlMjBjb25zb2xlLmxvZyUyOCUyN2NmNyUyMHN1Ym1pdHRlZCUyNyUyOSUzQiUwQSUyMCUyMCU3RCUyQyUyMGZhbHNlJTI5JTNCJTBBJTBBJTJBJTJGJTBBJTNDJTJGc2NyaXB0JTNFJTBBJTBBJTNDc2NyaXB0JTIwdHlwZSUzRCUyMnRleHQlMkZqYXZhc2NyaXB0JTIyJTNFJTBBdmFyJTIwZ2V0VXJsUGFyYW1ldGVyJTIwJTNEJTIwZnVuY3Rpb24lMjBnZXRVcmxQYXJhbWV0ZXIlMjhzUGFyYW0lMjklMjAlN0IlMEElMjAlMjAlMjAlMjB2YXIlMjBzUGFnZVVSTCUyMCUzRCUyMGRlY29kZVVSSUNvbXBvbmVudCUyOHdpbmRvdy5sb2NhdGlvbi5zZWFyY2guc3Vic3RyaW5nJTI4MSUyOSUyOSUyQyUwQSUyMCUyMCUyMCUyMCUyMCUyMCUyMCUyMHNVUkxWYXJpYWJsZXMlMjAlM0QlMjBzUGFnZVVSTC5zcGxpdCUyOCUyNyUyNiUyNyUyOSUyQyUwQSUyMCUyMCUyMCUyMCUyMCUyMCUyMCUyMHNQYXJhbWV0ZXJOYW1lJTJDJTBBJTIwJTIwJTIwJTIwJTIwJTIwJTIwJTIwaSUzQiUwQSUyMCUyMCUyMCUyMGZvciUyMCUyOGklMjAlM0QlMjAwJTNCJTIwaSUyMCUzQyUyMHNVUkxWYXJpYWJsZXMubGVuZ3RoJTNCJTIwaSUyQiUyQiUyOSUyMCU3QiUwQSUyMCUyMCUyMCUyMCUyMCUyMCUyMCUyMHNQYXJhbWV0ZXJOYW1lJTIwJTNEJTIwc1VSTFZhcmlhYmxlcyU1QmklNUQuc3BsaXQlMjglMjclM0QlMjclMjklM0IlMEElMjAlMjAlMjAlMjAlMjAlMjAlMjAlMjBpZiUyMCUyOHNQYXJhbWV0ZXJOYW1lJTVCMCU1RCUyMCUzRCUzRCUzRCUyMHNQYXJhbSUyOSUyMCU3QiUwQSUyMCUyMCUyMCUyMCUyMCUyMCUyMCUyMCUyMCUyMCUyMCUyMHJldHVybiUyMHNQYXJhbWV0ZXJOYW1lJTVCMSU1RCUyMCUzRCUzRCUzRCUyMHVuZGVmaW5lZCUyMCUzRiUyMHRydWUlMjAlM0ElMjBzUGFyYW1ldGVyTmFtZSU1QjElNUQlM0IlMEElMjAlMjAlMjAlMjAlMjAlMjAlMjAlMjAlN0QlMEElMjAlMjAlMjAlMjAlN0QlMEElN0QlM0IlMEElMEF2YXIlMjBWQVJJQUJMRSUyMCUzRCUyMGdldFVybFBhcmFtZXRlciUyOCUyN3RvcGljJTI3JTI5JTNCJTBBJTBBaWYlMjAlMjhWQVJJQUJMRSUyMCUyMSUzRCUyMG51bGwlMjklMjAlN0IlMEElMjAlMjAlMjAlMjAlMjBkb2N1bWVudC5nZXRFbGVtZW50QnlJZCUyOCUyN3NlbGVjdC10b3BpYyUyNyUyOS52YWx1ZSUyMCUzRCUyMFZBUklBQkxFJTNCJTBBY29uc29sZS5sb2clMjhWQVJJQUJMRSUyOSUzQiUwQSU3RCUwQSUwQSUzQyUyRnNjcmlwdCUzRQ==[\/vc_raw_js][\/vc_column][\/vc_row][vc_row unlock_row=\u00bb\u00bb row_height_percent=\u00bb0&#8243; override_padding=\u00bbyes\u00bb h_padding=\u00bb2&#8243; top_padding=\u00bb2&#8243; bottom_padding=\u00bb1&#8243; back_image=\u00bb86340&#8243; overlay_color=\u00bbcolor-green\u00bb overlay_alpha=\u00bb100&#8243; gutter_size=\u00bb3&#8243; column_width_percent=\u00bb100&#8243; shift_y=\u00bb0&#8243; z_index=\u00bb0&#8243; el_class=\u00bbbanner-section\u00bb uncode_shortcode_id=\u00bb234875&#8243; overlay_color_type=\u00bbuncode-palette\u00bb][vc_column column_width_use_pixel=\u00bbyes\u00bb position_horizontal=\u00bbleft\u00bb position_vertical=\u00bbmiddle\u00bb gutter_size=\u00bb3&#8243; override_padding=\u00bbyes\u00bb column_padding=\u00bb2&#8243; style=\u00bbdark\u00bb overlay_alpha=\u00bb50&#8243; shift_x=\u00bb0&#8243; shift_y=\u00bb0&#8243; shift_y_down=\u00bb0&#8243; z_index=\u00bb0&#8243; medium_width=\u00bb0&#8243; mobile_width=\u00bb0&#8243; width=\u00bb1\/1&#8243; el_class=\u00bbbanner-section\u00bb uncode_shortcode_id=\u00bb150465&#8243;][vc_row_inner row_inner_height_percent=\u00bb0&#8243; overlay_alpha=\u00bb50&#8243; gutter_size=\u00bb3&#8243; shift_y=\u00bb0&#8243; z_index=\u00bb0&#8243; uncode_shortcode_id=\u00bb197577&#8243; el_class=\u00bbpr-subscribe-form\u00bb limit_content=\u00bb\u00bb][vc_column_inner column_width_percent=\u00bb60&#8243; position_horizontal=\u00bbleft\u00bb gutter_size=\u00bb2&#8243; style=\u00bbdark\u00bb overlay_alpha=\u00bb50&#8243; shift_x=\u00bb0&#8243; shift_y=\u00bb0&#8243; shift_y_down=\u00bb0&#8243; z_index=\u00bb0&#8243; medium_width=\u00bb0&#8243; mobile_width=\u00bb0&#8243; width=\u00bb1\/1&#8243; uncode_shortcode_id=\u00bb758885&#8243;][vc_custom_heading text_size=\u00bbh4&#8243; subheading=\u00bbMant\u00e9ngase al d\u00eda de nuestras novedades m\u00e1s recientes suscribi\u00e9ndose a nuestro bolet\u00edn de noticias mensual.\u00bb uncode_shortcode_id=\u00bb177969&#8243;]\u00daltimas novedades[\/vc_custom_heading][vc_column_text uncode_shortcode_id=\u00bb302214&#8243;]\n\t\t\t\t\t<script>\n\t\t\t\t\t\twindow.hsFormsOnReady = window.hsFormsOnReady || [];\n\t\t\t\t\t\twindow.hsFormsOnReady.push(()=>{\n\t\t\t\t\t\t\thbspt.forms.create({\n\t\t\t\t\t\t\t\tportalId: 25809658,\n\t\t\t\t\t\t\t\tformId: \"8d40f786-6e23-455e-9a9c-9ee85e9754a8\",\n\t\t\t\t\t\t\t\ttarget: \"#hbspt-form-1775647236000-5384805158\",\n\t\t\t\t\t\t\t\tregion: \"eu1\",\n\t\t\t\t\t\t\t\t\n\t\t\t\t\t\t})});\n\t\t\t\t\t<\/script>\n\t\t\t\t\t<div class=\"hbspt-form\" id=\"hbspt-form-1775647236000-5384805158\"><\/div>[\/vc_column_text][vc_column_text text_lead=\u00bbsmall\u00bb text_color=\u00bbcolor-xsdn\u00bb uncode_shortcode_id=\u00bb143058&#8243; el_class=\u00bbfontsize-14px\u00bb text_color_type=\u00bbuncode-palette\u00bb]Este sitio est\u00e1 protegido por reCAPTCHA y se aplican la <a href=\"https:\/\/policies.google.com\/privacy\">Pol\u00edtica de privacidad<\/a> y las <a href=\"https:\/\/policies.google.com\/terms\">Condiciones del servicio<\/a> de Google.[\/vc_column_text][\/vc_column_inner][\/vc_row_inner][\/vc_column][\/vc_row]<\/p>\n<\/div>","protected":false},"excerpt":{"rendered":"<p>[vc_row row_height_percent=\u00bb0&#8243; override_padding=\u00bbyes\u00bb h_padding=\u00bb2&#8243; top_padding=\u00bb5&#8243; bottom_padding=\u00bb5&#8243; overlay_alpha=\u00bb50&#8243; gutter_size=\u00bb4&#8243; column_width_percent=\u00bb100&#8243; shift_y=\u00bb0&#8243; z_index=\u00bb0&#8243; uncode_shortcode_id=\u00bb661721&#8243;][vc_column column_width_percent=\u00bb100&#8243; gutter_size=\u00bb3&#8243; overlay_alpha=\u00bb50&#8243; shift_x=\u00bb0&#8243; shift_y=\u00bb0&#8243; shift_y_down=\u00bb0&#8243; z_index=\u00bb0&#8243; medium_width=\u00bb0&#8243; [&hellip;]<\/p>\n","protected":false},"author":1,"featured_media":0,"parent":0,"menu_order":0,"comment_status":"closed","ping_status":"closed","template":"","meta":{"_acf_changed":false,"content-type":"","footnotes":""},"class_list":["post-82779","page","type-page","status-publish","hentry"],"acf":[],"yoast_head":"<!-- This site is optimized with the Yoast SEO plugin v24.8.1 - https:\/\/yoast.com\/wordpress\/plugins\/seo\/ -->\n<title>Contacto - Perceptual Robotics<\/title>\n<meta name=\"robots\" content=\"index, follow, max-snippet:-1, max-image-preview:large, max-video-preview:-1\" \/>\n<link rel=\"canonical\" href=\"https:\/\/www.perceptual-robotics.com\/es\/contact\/\" \/>\n<meta property=\"og:locale\" content=\"es_ES\" \/>\n<meta property=\"og:type\" content=\"article\" \/>\n<meta property=\"og:title\" content=\"Contacto - Perceptual Robotics\" \/>\n<meta property=\"og:description\" content=\"[vc_row row_height_percent=\u00bb0&#8243; override_padding=\u00bbyes\u00bb h_padding=\u00bb2&#8243; top_padding=\u00bb5&#8243; bottom_padding=\u00bb5&#8243; overlay_alpha=\u00bb50&#8243; gutter_size=\u00bb4&#8243; column_width_percent=\u00bb100&#8243; shift_y=\u00bb0&#8243; z_index=\u00bb0&#8243; uncode_shortcode_id=\u00bb661721&#8243;][vc_column column_width_percent=\u00bb100&#8243; gutter_size=\u00bb3&#8243; overlay_alpha=\u00bb50&#8243; shift_x=\u00bb0&#8243; shift_y=\u00bb0&#8243; shift_y_down=\u00bb0&#8243; z_index=\u00bb0&#8243; medium_width=\u00bb0&#8243; [&hellip;]\" \/>\n<meta property=\"og:url\" content=\"https:\/\/www.perceptual-robotics.com\/es\/contact\/\" \/>\n<meta property=\"og:site_name\" content=\"Perceptual Robotics\" \/>\n<meta property=\"article:publisher\" content=\"https:\/\/www.facebook.com\/perceptualrobotics\/\" \/>\n<meta property=\"article:modified_time\" content=\"2025-06-16T09:21:48+00:00\" \/>\n<meta property=\"og:image\" content=\"https:\/\/www.perceptual-robotics.com\/wp-content\/uploads\/2024\/09\/DJI_20240105153739_0019_V.jpg\" \/>\n\t<meta property=\"og:image:width\" content=\"1920\" \/>\n\t<meta property=\"og:image:height\" content=\"1439\" \/>\n\t<meta property=\"og:image:type\" content=\"image\/jpeg\" \/>\n<meta name=\"twitter:card\" content=\"summary_large_image\" \/>\n<meta name=\"twitter:site\" content=\"@Perc_Robotics\" \/>\n<meta name=\"twitter:label1\" content=\"Tiempo de lectura\" \/>\n\t<meta name=\"twitter:data1\" content=\"2 minutos\" \/>\n<!-- \/ Yoast SEO plugin. -->","yoast_head_json":{"title":"Contacto - Perceptual Robotics","robots":{"index":"index","follow":"follow","max-snippet":"max-snippet:-1","max-image-preview":"max-image-preview:large","max-video-preview":"max-video-preview:-1"},"canonical":"https:\/\/www.perceptual-robotics.com\/es\/contact\/","og_locale":"es_ES","og_type":"article","og_title":"Contacto - Perceptual Robotics","og_description":"[vc_row row_height_percent=\u00bb0&#8243; override_padding=\u00bbyes\u00bb h_padding=\u00bb2&#8243; top_padding=\u00bb5&#8243; bottom_padding=\u00bb5&#8243; overlay_alpha=\u00bb50&#8243; gutter_size=\u00bb4&#8243; column_width_percent=\u00bb100&#8243; shift_y=\u00bb0&#8243; z_index=\u00bb0&#8243; uncode_shortcode_id=\u00bb661721&#8243;][vc_column column_width_percent=\u00bb100&#8243; gutter_size=\u00bb3&#8243; overlay_alpha=\u00bb50&#8243; shift_x=\u00bb0&#8243; shift_y=\u00bb0&#8243; shift_y_down=\u00bb0&#8243; z_index=\u00bb0&#8243; medium_width=\u00bb0&#8243; [&hellip;]","og_url":"https:\/\/www.perceptual-robotics.com\/es\/contact\/","og_site_name":"Perceptual Robotics","article_publisher":"https:\/\/www.facebook.com\/perceptualrobotics\/","article_modified_time":"2025-06-16T09:21:48+00:00","og_image":[{"width":1920,"height":1439,"url":"https:\/\/www.perceptual-robotics.com\/wp-content\/uploads\/2024\/09\/DJI_20240105153739_0019_V.jpg","type":"image\/jpeg"}],"twitter_card":"summary_large_image","twitter_site":"@Perc_Robotics","twitter_misc":{"Tiempo de lectura":"2 minutos"},"schema":{"@context":"https:\/\/schema.org","@graph":[{"@type":"WebPage","@id":"https:\/\/www.perceptual-robotics.com\/es\/contact\/","url":"https:\/\/www.perceptual-robotics.com\/es\/contact\/","name":"Contacto - Perceptual Robotics","isPartOf":{"@id":"https:\/\/www.perceptual-robotics.com\/es\/#website"},"datePublished":"2022-02-20T17:58:31+00:00","dateModified":"2025-06-16T09:21:48+00:00","breadcrumb":{"@id":"https:\/\/www.perceptual-robotics.com\/es\/contact\/#breadcrumb"},"inLanguage":"es","potentialAction":[{"@type":"ReadAction","target":["https:\/\/www.perceptual-robotics.com\/es\/contact\/"]}]},{"@type":"BreadcrumbList","@id":"https:\/\/www.perceptual-robotics.com\/es\/contact\/#breadcrumb","itemListElement":[{"@type":"ListItem","position":1,"name":"Home","item":"https:\/\/www.perceptual-robotics.com\/es\/"},{"@type":"ListItem","position":2,"name":"Contacto"}]},{"@type":"WebSite","@id":"https:\/\/www.perceptual-robotics.com\/es\/#website","url":"https:\/\/www.perceptual-robotics.com\/es\/","name":"Perceptual Robotics","description":"Automated wind turbine inspections","publisher":{"@id":"https:\/\/www.perceptual-robotics.com\/es\/#organization"},"potentialAction":[{"@type":"SearchAction","target":{"@type":"EntryPoint","urlTemplate":"https:\/\/www.perceptual-robotics.com\/es\/?s={search_term_string}"},"query-input":{"@type":"PropertyValueSpecification","valueRequired":true,"valueName":"search_term_string"}}],"inLanguage":"es"},{"@type":"Organization","@id":"https:\/\/www.perceptual-robotics.com\/es\/#organization","name":"Perceptual Robotics","url":"https:\/\/www.perceptual-robotics.com\/es\/","logo":{"@type":"ImageObject","inLanguage":"es","@id":"https:\/\/www.perceptual-robotics.com\/es\/#\/schema\/logo\/image\/","url":"https:\/\/www.perceptual-robotics.com\/wp-content\/uploads\/2021\/06\/home-video-poster.jpg","contentUrl":"https:\/\/www.perceptual-robotics.com\/wp-content\/uploads\/2021\/06\/home-video-poster.jpg","width":1280,"height":676,"caption":"Perceptual Robotics"},"image":{"@id":"https:\/\/www.perceptual-robotics.com\/es\/#\/schema\/logo\/image\/"},"sameAs":["https:\/\/www.facebook.com\/perceptualrobotics\/","https:\/\/x.com\/Perc_Robotics","https:\/\/www.linkedin.com\/company\/perceptual-robotics\/","https:\/\/www.youtube.com\/channel\/UCZP4-T_Xl9xDRkdx6TEZEQw"]}]}},"_links":{"self":[{"href":"https:\/\/www.perceptual-robotics.com\/es\/wp-json\/wp\/v2\/pages\/82779","targetHints":{"allow":["GET"]}}],"collection":[{"href":"https:\/\/www.perceptual-robotics.com\/es\/wp-json\/wp\/v2\/pages"}],"about":[{"href":"https:\/\/www.perceptual-robotics.com\/es\/wp-json\/wp\/v2\/types\/page"}],"author":[{"embeddable":true,"href":"https:\/\/www.perceptual-robotics.com\/es\/wp-json\/wp\/v2\/users\/1"}],"replies":[{"embeddable":true,"href":"https:\/\/www.perceptual-robotics.com\/es\/wp-json\/wp\/v2\/comments?post=82779"}],"version-history":[{"count":19,"href":"https:\/\/www.perceptual-robotics.com\/es\/wp-json\/wp\/v2\/pages\/82779\/revisions"}],"predecessor-version":[{"id":86688,"href":"https:\/\/www.perceptual-robotics.com\/es\/wp-json\/wp\/v2\/pages\/82779\/revisions\/86688"}],"wp:attachment":[{"href":"https:\/\/www.perceptual-robotics.com\/es\/wp-json\/wp\/v2\/media?parent=82779"}],"curies":[{"name":"wp","href":"https:\/\/api.w.org\/{rel}","templated":true}]}}