{"id":85668,"date":"2025-04-04T11:35:48","date_gmt":"2025-04-04T10:35:48","guid":{"rendered":"https:\/\/www.perceptual-robotics.com\/?page_id=85668"},"modified":"2025-04-29T15:57:39","modified_gmt":"2025-04-29T14:57:39","slug":"solutions-for-owners-and-operations","status":"publish","type":"page","link":"https:\/\/www.perceptual-robotics.com\/es\/solutions-for-owners-and-operations\/","title":{"rendered":"Solutions for Owners and Operations"},"content":{"rendered":"<div class=\"wpb-content-wrapper\"><p>[vc_row row_height_percent=\u00bb0&#8243; override_padding=\u00bbyes\u00bb h_padding=\u00bb0&#8243; top_padding=\u00bb0&#8243; bottom_padding=\u00bb0&#8243; back_color=\u00bbcolor-off-white\u00bb overlay_alpha=\u00bb50&#8243; equal_height=\u00bbyes\u00bb gutter_size=\u00bb0&#8243; column_width_percent=\u00bb100&#8243; shift_y=\u00bb0&#8243; z_index=\u00bb0&#8243;][\/vc_row][vc_row row_height_percent=\u00bb0&#8243; override_padding=\u00bbyes\u00bb h_padding=\u00bb2&#8243; top_padding=\u00bb4&#8243; bottom_padding=\u00bb4&#8243; overlay_alpha=\u00bb50&#8243; gutter_size=\u00bb3&#8243; column_width_percent=\u00bb100&#8243; shift_y=\u00bb0&#8243; z_index=\u00bb0&#8243; uncode_shortcode_id=\u00bb132013&#8243;][vc_column column_width_percent=\u00bb100&#8243; gutter_size=\u00bb2&#8243; overlay_alpha=\u00bb50&#8243; shift_x=\u00bb0&#8243; shift_y=\u00bb0&#8243; shift_y_down=\u00bb0&#8243; z_index=\u00bb0&#8243; medium_width=\u00bb0&#8243; mobile_width=\u00bb0&#8243; width=\u00bb1\/1&#8243; uncode_shortcode_id=\u00bb544646&#8243;][vc_custom_heading heading_semantic=\u00bbh1&#8243; text_size=\u00bbfontsize-32px\u00bb text_weight=\u00bb400&#8243; uncode_shortcode_id=\u00bb408776&#8243;]Para Propietarios y Operadores[\/vc_custom_heading][vc_custom_heading text_size=\u00bbh3&#8243; sub_lead=\u00bbyes\u00bb uncode_shortcode_id=\u00bb355756&#8243;]<strong>Controle su Presupuesto de Mantenimiento mediante Inspecciones Impulsadas por IA<\/strong>[\/vc_custom_heading][vc_button button_color=\u00bbcolor-green\u00bb radius=\u00bbbtn-circle\u00bb border_width=\u00bb0&#8243; button_color_type=\u00bbuncode-palette\u00bb uncode_shortcode_id=\u00bb133551&#8243;]Comenzar[\/vc_button][\/vc_column][\/vc_row][vc_row row_height_percent=\u00bb0&#8243; override_padding=\u00bbyes\u00bb h_padding=\u00bb2&#8243; top_padding=\u00bb3&#8243; bottom_padding=\u00bb3&#8243; back_color=\u00bbcolor-green\u00bb overlay_alpha=\u00bb50&#8243; gutter_size=\u00bb3&#8243; column_width_percent=\u00bb100&#8243; shift_y=\u00bb0&#8243; z_index=\u00bb0&#8243; uncode_shortcode_id=\u00bb455793&#8243; back_color_type=\u00bbuncode-palette\u00bb][vc_column column_width_percent=\u00bb100&#8243; gutter_size=\u00bb3&#8243; style=\u00bbdark\u00bb overlay_alpha=\u00bb50&#8243; shift_x=\u00bb0&#8243; shift_y=\u00bb0&#8243; shift_y_down=\u00bb0&#8243; z_index=\u00bb0&#8243; medium_width=\u00bb0&#8243; mobile_width=\u00bb0&#8243; width=\u00bb1\/1&#8243; uncode_shortcode_id=\u00bb787273&#8243;][vc_row_inner limit_content=\u00bb\u00bb][vc_column_inner column_width_percent=\u00bb100&#8243; gutter_size=\u00bb3&#8243; style=\u00bbdark\u00bb overlay_alpha=\u00bb50&#8243; shift_x=\u00bb0&#8243; shift_y=\u00bb0&#8243; shift_y_down=\u00bb0&#8243; z_index=\u00bb0&#8243; medium_width=\u00bb0&#8243; mobile_width=\u00bb0&#8243; width=\u00bb1\/2&#8243; uncode_shortcode_id=\u00bb186923&#8243;][vc_custom_heading text_size=\u00bbh4&#8243; uncode_shortcode_id=\u00bb404382&#8243;]<strong>Resolvemos sus Necesidades de<\/strong>[\/vc_custom_heading][vc_column_text uncode_shortcode_id=\u00bb660766&#8243;]<\/p>\n<ul>\n<li style=\"font-weight: 400;\" aria-level=\"1\"><b>Rentabilidad<\/b><span style=\"font-weight: 400;\">:<br \/>\n<\/span><span style=\"font-weight: 400;\">Reduzca los costos de mantenimiento y reparaci\u00f3n con una asignaci\u00f3n de recursos optimizada y un mejor uso del capital.<\/span><\/li>\n<li style=\"font-weight: 400;\" aria-level=\"1\"><b>Maximizar el tiempo de actividad<\/b><span style=\"font-weight: 400;\">:<br \/>\nBenef\u00edciese de una implementaci\u00f3n inmediata para una r\u00e1pida detecci\u00f3n de da\u00f1os y una reducci\u00f3n del downtime no planificado mediante diagn\u00f3sticos precisos.<\/span><\/li>\n<li style=\"font-weight: 400;\" aria-level=\"1\"><b>Mejorar la salud y la seguridad<\/b><span style=\"font-weight: 400;\">:<br \/>\nMinimice la participaci\u00f3n humana en inspecciones de alto riesgo, reduciendo accidentes y riesgos laborales.<\/span><\/li>\n<li style=\"font-weight: 400;\" aria-level=\"1\"><b>Mitigar los problemas de las palas<\/b><span style=\"font-weight: 400;\">:<br \/>\nDetecte y aborde los problemas a tiempo evitando costosos agravamientos.<\/span><\/li>\n<li style=\"font-weight: 400;\" aria-level=\"1\"><b>Propiedad total de los datos<\/b><span style=\"font-weight: 400;\">:<br \/>\nObtenga control total con un proceso por niveles de da\u00f1o totalmente auditable .<\/span><\/li>\n<li style=\"font-weight: 400;\" aria-level=\"1\"><b>Consistencia en toda la flota<\/b><span style=\"font-weight: 400;\">:<br \/>\nGarantice una clasificaci\u00f3n uniforme de los da\u00f1os en toda su flota, eliminando inconsistencias.<\/span><\/li>\n<\/ul>\n<p>[\/vc_column_text][\/vc_column_inner][vc_column_inner width=\u00bb1\/2&#8243;][vc_single_image media=\u00bb86256&#8243; media_width_percent=\u00bb100&#8243; media_ratio=\u00bbone-one\u00bb uncode_shortcode_id=\u00bb205297&#8243; el_class=\u00bbpr-rounded\u00bb][\/vc_column_inner][\/vc_row_inner][\/vc_column][\/vc_row][vc_row row_height_percent=\u00bb0&#8243; override_padding=\u00bbyes\u00bb h_padding=\u00bb2&#8243; top_padding=\u00bb3&#8243; bottom_padding=\u00bb4&#8243; overlay_alpha=\u00bb100&#8243; gutter_size=\u00bb2&#8243; column_width_percent=\u00bb100&#8243; shift_y=\u00bb0&#8243; z_index=\u00bb0&#8243; uncode_shortcode_id=\u00bb124137&#8243;][vc_column column_width_percent=\u00bb100&#8243; align_horizontal=\u00bbalign_center\u00bb gutter_size=\u00bb3&#8243; overlay_alpha=\u00bb50&#8243; shift_x=\u00bb0&#8243; shift_y=\u00bb0&#8243; shift_y_down=\u00bb0&#8243; z_index=\u00bb0&#8243; medium_width=\u00bb0&#8243; mobile_width=\u00bb0&#8243; width=\u00bb1\/1&#8243; uncode_shortcode_id=\u00bb133471&#8243;][vc_row_inner limit_content=\u00bb\u00bb][vc_column_inner column_width_percent=\u00bb100&#8243; align_horizontal=\u00bbalign_center\u00bb gutter_size=\u00bb3&#8243; overlay_alpha=\u00bb50&#8243; shift_x=\u00bb0&#8243; shift_y=\u00bb0&#8243; shift_y_down=\u00bb0&#8243; z_index=\u00bb0&#8243; medium_width=\u00bb0&#8243; mobile_width=\u00bb0&#8243; width=\u00bb1\/1&#8243; uncode_shortcode_id=\u00bb123157&#8243;][vc_custom_heading text_size=\u00bbh4&#8243; uncode_shortcode_id=\u00bb887596&#8243;]<strong>Soluciones Clave para Usted<\/strong>[\/vc_custom_heading][\/vc_column_inner][\/vc_row_inner][vc_row_inner row_inner_height_percent=\u00bb0&#8243; overlay_alpha=\u00bb50&#8243; equal_height=\u00bbyes\u00bb gutter_size=\u00bb3&#8243; shift_y=\u00bb0&#8243; z_index=\u00bb0&#8243; limit_content=\u00bb\u00bb uncode_shortcode_id=\u00bb167165&#8243; el_class=\u00bbpr-iconboxes2&#8243;][vc_column_inner column_width_percent=\u00bb100&#8243; position_horizontal=\u00bbleft\u00bb gutter_size=\u00bb3&#8243; override_padding=\u00bbyes\u00bb column_padding=\u00bb1&#8243; overlay_alpha=\u00bb50&#8243; shift_x=\u00bb0&#8243; shift_y=\u00bb0&#8243; shift_y_down=\u00bb0&#8243; z_index=\u00bb0&#8243; medium_width=\u00bb0&#8243; mobile_width=\u00bb0&#8243; width=\u00bb1\/2&#8243; uncode_shortcode_id=\u00bb161999&#8243;][vc_icon position=\u00bbleft\u00bb icon_image=\u00bb85697&#8243; heading_semantic=\u00bbdiv\u00bb text_size=\u00bbfontsize-24px-100522&#8243; text_weight=\u00bb700&#8243; text_height=\u00bbfontheight-179065&#8243; title=\u00bbAutoservicio de Inspecciones con Drones\u00bb uncode_shortcode_id=\u00bb356465&#8243;]Configuraci\u00f3n simple y capacitaci\u00f3n m\u00ednima requerida para inspecciones aut\u00f3nomas, ya sea para operaciones de flotas a gran escala (Dot) o inspecciones en sitios espec\u00edficos (Eve).[\/vc_icon][\/vc_column_inner][vc_column_inner column_width_percent=\u00bb100&#8243; position_horizontal=\u00bbleft\u00bb gutter_size=\u00bb3&#8243; override_padding=\u00bbyes\u00bb column_padding=\u00bb0&#8243; overlay_alpha=\u00bb50&#8243; shift_x=\u00bb0&#8243; shift_y=\u00bb0&#8243; shift_y_down=\u00bb0&#8243; z_index=\u00bb0&#8243; medium_width=\u00bb0&#8243; mobile_width=\u00bb0&#8243; width=\u00bb1\/2&#8243; uncode_shortcode_id=\u00bb212522&#8243;][vc_icon position=\u00bbleft\u00bb icon_image=\u00bb85697&#8243; heading_semantic=\u00bbdiv\u00bb text_size=\u00bbfontsize-24px-100522&#8243; text_weight=\u00bb700&#8243; text_height=\u00bbfontheight-179065&#8243; title=\u00bbDetecci\u00f3n de Da\u00f1os Impulsada por IA\u00bb uncode_shortcode_id=\u00bb428318&#8243;]<span style=\"font-weight: 400;\">Detecciones inmediatas y de alta calidad que\u00a0 permiten a los expertos en palas y a los gestores de activos crear informes detallados para priorizar el mantenimiento y la reparaci\u00f3n.<\/span>[\/vc_icon][\/vc_column_inner][\/vc_row_inner][vc_row_inner row_inner_height_percent=\u00bb0&#8243; overlay_alpha=\u00bb50&#8243; equal_height=\u00bbyes\u00bb gutter_size=\u00bb3&#8243; shift_y=\u00bb0&#8243; z_index=\u00bb0&#8243; limit_content=\u00bb\u00bb uncode_shortcode_id=\u00bb167165&#8243; el_class=\u00bbpr-iconboxes2&#8243;][vc_column_inner column_width_percent=\u00bb100&#8243; position_horizontal=\u00bbleft\u00bb gutter_size=\u00bb3&#8243; override_padding=\u00bbyes\u00bb column_padding=\u00bb1&#8243; overlay_alpha=\u00bb50&#8243; shift_x=\u00bb0&#8243; shift_y=\u00bb0&#8243; shift_y_down=\u00bb0&#8243; z_index=\u00bb0&#8243; medium_width=\u00bb0&#8243; mobile_width=\u00bb0&#8243; width=\u00bb1\/2&#8243; uncode_shortcode_id=\u00bb161999&#8243;][vc_icon position=\u00bbleft\u00bb icon_image=\u00bb85697&#8243; heading_semantic=\u00bbdiv\u00bb text_size=\u00bbfontsize-24px-100522&#8243; text_weight=\u00bb700&#8243; text_height=\u00bbfontheight-179065&#8243; title=\u00bbServicio de Inspecciones a Demanda\u00bb uncode_shortcode_id=\u00bb143470&#8243;]<span style=\"font-weight: 400;\">El r\u00e1pido despliegue de drones por parte de nuestros equipos garantiza la propiedad total de los datos, tiempos de resultados reducidos y reparaciones m\u00e1s r\u00e1pidas dentro de la misma temporada.<\/span>[\/vc_icon][\/vc_column_inner][vc_column_inner column_width_percent=\u00bb100&#8243; position_horizontal=\u00bbleft\u00bb gutter_size=\u00bb3&#8243; override_padding=\u00bbyes\u00bb column_padding=\u00bb0&#8243; overlay_alpha=\u00bb50&#8243; shift_x=\u00bb0&#8243; shift_y=\u00bb0&#8243; shift_y_down=\u00bb0&#8243; z_index=\u00bb0&#8243; medium_width=\u00bb0&#8243; mobile_width=\u00bb0&#8243; width=\u00bb1\/2&#8243; uncode_shortcode_id=\u00bb212522&#8243;][vc_icon position=\u00bbleft\u00bb icon_image=\u00bb85697&#8243; heading_semantic=\u00bbdiv\u00bb text_size=\u00bbfontsize-24px-100522&#8243; text_weight=\u00bb700&#8243; text_height=\u00bbfontheight-179065&#8243; title=\u00bbM\u00f3dulo de Gesti\u00f3n de Flotas y de Reparaci\u00f3n\u00bb uncode_shortcode_id=\u00bb114191&#8243;]<span style=\"font-weight: 400;\">Una herramienta integral para priorizar y gestionar las reparaciones, agilizando todo el proceso de mantenimiento.<\/span>[\/vc_icon][\/vc_column_inner][\/vc_row_inner][vc_row_inner row_inner_height_percent=\u00bb0&#8243; overlay_alpha=\u00bb50&#8243; equal_height=\u00bbyes\u00bb gutter_size=\u00bb3&#8243; shift_y=\u00bb0&#8243; z_index=\u00bb0&#8243; limit_content=\u00bb\u00bb uncode_shortcode_id=\u00bb167165&#8243; el_class=\u00bbpr-iconboxes2&#8243;][vc_column_inner column_width_percent=\u00bb100&#8243; position_horizontal=\u00bbleft\u00bb gutter_size=\u00bb3&#8243; override_padding=\u00bbyes\u00bb column_padding=\u00bb1&#8243; overlay_alpha=\u00bb50&#8243; shift_x=\u00bb0&#8243; shift_y=\u00bb0&#8243; shift_y_down=\u00bb0&#8243; z_index=\u00bb0&#8243; medium_width=\u00bb0&#8243; mobile_width=\u00bb0&#8243; width=\u00bb1\/2&#8243; uncode_shortcode_id=\u00bb161999&#8243;][vc_icon position=\u00bbleft\u00bb icon_image=\u00bb85697&#8243; heading_semantic=\u00bbdiv\u00bb text_size=\u00bbfontsize-24px-100522&#8243; text_weight=\u00bb700&#8243; text_height=\u00bbfontheight-179065&#8243; title=\u00bbIntegraci\u00f3n con Seguros\u00bb uncode_shortcode_id=\u00bb815360&#8243;]<span style=\"font-weight: 400;\">Nuestras soluciones se alinean con la cobertura de seguros y los contratos, simplificando las reclamaciones y el cumplimiento.<\/span>[\/vc_icon][\/vc_column_inner][vc_column_inner column_width_percent=\u00bb100&#8243; position_horizontal=\u00bbleft\u00bb gutter_size=\u00bb3&#8243; override_padding=\u00bbyes\u00bb column_padding=\u00bb0&#8243; overlay_alpha=\u00bb50&#8243; shift_x=\u00bb0&#8243; shift_y=\u00bb0&#8243; shift_y_down=\u00bb0&#8243; z_index=\u00bb0&#8243; medium_width=\u00bb0&#8243; mobile_width=\u00bb0&#8243; width=\u00bb1\/2&#8243; uncode_shortcode_id=\u00bb212522&#8243;][vc_icon position=\u00bbleft\u00bb icon_image=\u00bb85697&#8243; heading_semantic=\u00bbdiv\u00bb text_size=\u00bbfontsize-24px-100522&#8243; text_weight=\u00bb700&#8243; text_height=\u00bbfontheight-179065&#8243; title=\u00bbIntegraci\u00f3n de Datos Perfecta\u00bb uncode_shortcode_id=\u00bb174680&#8243;]<span style=\"font-weight: 400;\">Consolide y procese f\u00e1cilmente datos de inspecci\u00f3n de m\u00faltiples fuentes, garantizando una descripci\u00f3n general completa y precisa del estado de la flota.<\/span>[\/vc_icon][\/vc_column_inner][\/vc_row_inner][\/vc_column][\/vc_row][vc_row unlock_row=\u00bb\u00bb row_height_percent=\u00bb0&#8243; override_padding=\u00bbyes\u00bb h_padding=\u00bb2&#8243; top_padding=\u00bb2&#8243; bottom_padding=\u00bb2&#8243; back_image=\u00bb86299&#8243; back_position=\u00bbcenter top\u00bb overlay_color=\u00bbcolor-green\u00bb overlay_alpha=\u00bb100&#8243; gutter_size=\u00bb3&#8243; column_width_percent=\u00bb100&#8243; shift_y=\u00bb0&#8243; z_index=\u00bb0&#8243; el_class=\u00bbbanner-section\u00bb uncode_shortcode_id=\u00bb675276&#8243; overlay_color_type=\u00bbuncode-palette\u00bb][vc_column column_width_percent=\u00bb100&#8243; position_horizontal=\u00bbleft\u00bb position_vertical=\u00bbmiddle\u00bb gutter_size=\u00bb3&#8243; style=\u00bbdark\u00bb overlay_alpha=\u00bb50&#8243; shift_x=\u00bb0&#8243; shift_y=\u00bb0&#8243; shift_y_down=\u00bb0&#8243; z_index=\u00bb0&#8243; medium_width=\u00bb0&#8243; mobile_width=\u00bb0&#8243; width=\u00bb1\/1&#8243; el_class=\u00bbbanner-section\u00bb uncode_shortcode_id=\u00bb184839&#8243;][vc_custom_heading text_size=\u00bbh4&#8243; subheading=\u00bbHable con un miembro de nuestro equipo.\u00bb uncode_shortcode_id=\u00bb512230&#8243;]<strong>\u00bfPreparado para hablar con nosotros?<\/strong>[\/vc_custom_heading][vc_button radius=\u00bbbtn-circle\u00bb outline=\u00bbyes\u00bb border_width=\u00bb0&#8243; link=\u00bburl:http%3A%2F%2Fwww.perceptual-robotics.com%2Fcontact%2F|title:Contact\u00bb uncode_shortcode_id=\u00bb241801&#8243;]Tome el control ahora[\/vc_button][\/vc_column][\/vc_row]<\/p>\n<\/div>","protected":false},"excerpt":{"rendered":"<p>[vc_row row_height_percent=\u00bb0&#8243; override_padding=\u00bbyes\u00bb h_padding=\u00bb0&#8243; top_padding=\u00bb0&#8243; bottom_padding=\u00bb0&#8243; back_color=\u00bbcolor-off-white\u00bb overlay_alpha=\u00bb50&#8243; equal_height=\u00bbyes\u00bb gutter_size=\u00bb0&#8243; column_width_percent=\u00bb100&#8243; shift_y=\u00bb0&#8243; z_index=\u00bb0&#8243;][\/vc_row][vc_row row_height_percent=\u00bb0&#8243; override_padding=\u00bbyes\u00bb h_padding=\u00bb2&#8243; top_padding=\u00bb4&#8243; bottom_padding=\u00bb4&#8243; overlay_alpha=\u00bb50&#8243; gutter_size=\u00bb3&#8243; [&hellip;]<\/p>\n","protected":false},"author":1,"featured_media":82574,"parent":0,"menu_order":0,"comment_status":"closed","ping_status":"closed","template":"","meta":{"_acf_changed":false,"content-type":"","footnotes":""},"class_list":["post-85668","page","type-page","status-publish","has-post-thumbnail","hentry"],"acf":[],"yoast_head":"<!-- This site is optimized with the Yoast SEO plugin v24.8.1 - https:\/\/yoast.com\/wordpress\/plugins\/seo\/ -->\n<title>Solutions for Owners and Operations - Perceptual Robotics<\/title>\n<meta name=\"robots\" content=\"index, follow, max-snippet:-1, max-image-preview:large, max-video-preview:-1\" \/>\n<link rel=\"canonical\" href=\"https:\/\/www.perceptual-robotics.com\/es\/solutions-for-owners-and-operations\/\" \/>\n<meta property=\"og:locale\" content=\"es_ES\" \/>\n<meta property=\"og:type\" content=\"article\" \/>\n<meta property=\"og:title\" content=\"Solutions for Owners and Operations - Perceptual Robotics\" \/>\n<meta property=\"og:description\" content=\"[vc_row row_height_percent=\u00bb0&#8243; override_padding=\u00bbyes\u00bb h_padding=\u00bb0&#8243; top_padding=\u00bb0&#8243; bottom_padding=\u00bb0&#8243; back_color=\u00bbcolor-off-white\u00bb overlay_alpha=\u00bb50&#8243; equal_height=\u00bbyes\u00bb gutter_size=\u00bb0&#8243; column_width_percent=\u00bb100&#8243; shift_y=\u00bb0&#8243; z_index=\u00bb0&#8243;][\/vc_row][vc_row row_height_percent=\u00bb0&#8243; override_padding=\u00bbyes\u00bb h_padding=\u00bb2&#8243; top_padding=\u00bb4&#8243; bottom_padding=\u00bb4&#8243; overlay_alpha=\u00bb50&#8243; gutter_size=\u00bb3&#8243; [&hellip;]\" \/>\n<meta property=\"og:url\" content=\"https:\/\/www.perceptual-robotics.com\/es\/solutions-for-owners-and-operations\/\" \/>\n<meta property=\"og:site_name\" content=\"Perceptual Robotics\" \/>\n<meta property=\"article:publisher\" content=\"https:\/\/www.facebook.com\/perceptualrobotics\/\" \/>\n<meta property=\"article:modified_time\" content=\"2025-04-29T14:57:39+00:00\" \/>\n<meta property=\"og:image\" content=\"https:\/\/www.perceptual-robotics.com\/wp-content\/uploads\/2021\/05\/solutions-hero.jpg\" \/>\n\t<meta property=\"og:image:width\" content=\"2500\" \/>\n\t<meta property=\"og:image:height\" content=\"1319\" \/>\n\t<meta property=\"og:image:type\" content=\"image\/jpeg\" \/>\n<meta name=\"twitter:card\" content=\"summary_large_image\" \/>\n<meta name=\"twitter:site\" content=\"@Perc_Robotics\" \/>\n<meta name=\"twitter:label1\" content=\"Tiempo de lectura\" \/>\n\t<meta name=\"twitter:data1\" content=\"3 minutos\" \/>\n<!-- \/ Yoast SEO plugin. -->","yoast_head_json":{"title":"Solutions for Owners and Operations - Perceptual Robotics","robots":{"index":"index","follow":"follow","max-snippet":"max-snippet:-1","max-image-preview":"max-image-preview:large","max-video-preview":"max-video-preview:-1"},"canonical":"https:\/\/www.perceptual-robotics.com\/es\/solutions-for-owners-and-operations\/","og_locale":"es_ES","og_type":"article","og_title":"Solutions for Owners and Operations - Perceptual Robotics","og_description":"[vc_row row_height_percent=\u00bb0&#8243; override_padding=\u00bbyes\u00bb h_padding=\u00bb0&#8243; top_padding=\u00bb0&#8243; bottom_padding=\u00bb0&#8243; back_color=\u00bbcolor-off-white\u00bb overlay_alpha=\u00bb50&#8243; equal_height=\u00bbyes\u00bb gutter_size=\u00bb0&#8243; column_width_percent=\u00bb100&#8243; shift_y=\u00bb0&#8243; z_index=\u00bb0&#8243;][\/vc_row][vc_row row_height_percent=\u00bb0&#8243; override_padding=\u00bbyes\u00bb h_padding=\u00bb2&#8243; top_padding=\u00bb4&#8243; bottom_padding=\u00bb4&#8243; overlay_alpha=\u00bb50&#8243; gutter_size=\u00bb3&#8243; [&hellip;]","og_url":"https:\/\/www.perceptual-robotics.com\/es\/solutions-for-owners-and-operations\/","og_site_name":"Perceptual Robotics","article_publisher":"https:\/\/www.facebook.com\/perceptualrobotics\/","article_modified_time":"2025-04-29T14:57:39+00:00","og_image":[{"width":2500,"height":1319,"url":"https:\/\/www.perceptual-robotics.com\/wp-content\/uploads\/2021\/05\/solutions-hero.jpg","type":"image\/jpeg"}],"twitter_card":"summary_large_image","twitter_site":"@Perc_Robotics","twitter_misc":{"Tiempo de lectura":"3 minutos"},"schema":{"@context":"https:\/\/schema.org","@graph":[{"@type":"WebPage","@id":"https:\/\/www.perceptual-robotics.com\/es\/solutions-for-owners-and-operations\/","url":"https:\/\/www.perceptual-robotics.com\/es\/solutions-for-owners-and-operations\/","name":"Solutions for Owners and Operations - Perceptual Robotics","isPartOf":{"@id":"https:\/\/www.perceptual-robotics.com\/es\/#website"},"primaryImageOfPage":{"@id":"https:\/\/www.perceptual-robotics.com\/es\/solutions-for-owners-and-operations\/#primaryimage"},"image":{"@id":"https:\/\/www.perceptual-robotics.com\/es\/solutions-for-owners-and-operations\/#primaryimage"},"thumbnailUrl":"https:\/\/www.perceptual-robotics.com\/wp-content\/uploads\/2021\/05\/solutions-hero.jpg","datePublished":"2025-04-04T10:35:48+00:00","dateModified":"2025-04-29T14:57:39+00:00","breadcrumb":{"@id":"https:\/\/www.perceptual-robotics.com\/es\/solutions-for-owners-and-operations\/#breadcrumb"},"inLanguage":"es","potentialAction":[{"@type":"ReadAction","target":["https:\/\/www.perceptual-robotics.com\/es\/solutions-for-owners-and-operations\/"]}]},{"@type":"ImageObject","inLanguage":"es","@id":"https:\/\/www.perceptual-robotics.com\/es\/solutions-for-owners-and-operations\/#primaryimage","url":"https:\/\/www.perceptual-robotics.com\/wp-content\/uploads\/2021\/05\/solutions-hero.jpg","contentUrl":"https:\/\/www.perceptual-robotics.com\/wp-content\/uploads\/2021\/05\/solutions-hero.jpg","width":2500,"height":1319},{"@type":"BreadcrumbList","@id":"https:\/\/www.perceptual-robotics.com\/es\/solutions-for-owners-and-operations\/#breadcrumb","itemListElement":[{"@type":"ListItem","position":1,"name":"Home","item":"https:\/\/www.perceptual-robotics.com\/es\/"},{"@type":"ListItem","position":2,"name":"Solutions for Owners and Operations"}]},{"@type":"WebSite","@id":"https:\/\/www.perceptual-robotics.com\/es\/#website","url":"https:\/\/www.perceptual-robotics.com\/es\/","name":"Perceptual Robotics","description":"Automated wind turbine inspections","publisher":{"@id":"https:\/\/www.perceptual-robotics.com\/es\/#organization"},"potentialAction":[{"@type":"SearchAction","target":{"@type":"EntryPoint","urlTemplate":"https:\/\/www.perceptual-robotics.com\/es\/?s={search_term_string}"},"query-input":{"@type":"PropertyValueSpecification","valueRequired":true,"valueName":"search_term_string"}}],"inLanguage":"es"},{"@type":"Organization","@id":"https:\/\/www.perceptual-robotics.com\/es\/#organization","name":"Perceptual Robotics","url":"https:\/\/www.perceptual-robotics.com\/es\/","logo":{"@type":"ImageObject","inLanguage":"es","@id":"https:\/\/www.perceptual-robotics.com\/es\/#\/schema\/logo\/image\/","url":"https:\/\/www.perceptual-robotics.com\/wp-content\/uploads\/2021\/06\/home-video-poster.jpg","contentUrl":"https:\/\/www.perceptual-robotics.com\/wp-content\/uploads\/2021\/06\/home-video-poster.jpg","width":1280,"height":676,"caption":"Perceptual Robotics"},"image":{"@id":"https:\/\/www.perceptual-robotics.com\/es\/#\/schema\/logo\/image\/"},"sameAs":["https:\/\/www.facebook.com\/perceptualrobotics\/","https:\/\/x.com\/Perc_Robotics","https:\/\/www.linkedin.com\/company\/perceptual-robotics\/","https:\/\/www.youtube.com\/channel\/UCZP4-T_Xl9xDRkdx6TEZEQw"]}]}},"_links":{"self":[{"href":"https:\/\/www.perceptual-robotics.com\/es\/wp-json\/wp\/v2\/pages\/85668","targetHints":{"allow":["GET"]}}],"collection":[{"href":"https:\/\/www.perceptual-robotics.com\/es\/wp-json\/wp\/v2\/pages"}],"about":[{"href":"https:\/\/www.perceptual-robotics.com\/es\/wp-json\/wp\/v2\/types\/page"}],"author":[{"embeddable":true,"href":"https:\/\/www.perceptual-robotics.com\/es\/wp-json\/wp\/v2\/users\/1"}],"replies":[{"embeddable":true,"href":"https:\/\/www.perceptual-robotics.com\/es\/wp-json\/wp\/v2\/comments?post=85668"}],"version-history":[{"count":10,"href":"https:\/\/www.perceptual-robotics.com\/es\/wp-json\/wp\/v2\/pages\/85668\/revisions"}],"predecessor-version":[{"id":86596,"href":"https:\/\/www.perceptual-robotics.com\/es\/wp-json\/wp\/v2\/pages\/85668\/revisions\/86596"}],"wp:featuredmedia":[{"embeddable":true,"href":"https:\/\/www.perceptual-robotics.com\/es\/wp-json\/wp\/v2\/media\/82574"}],"wp:attachment":[{"href":"https:\/\/www.perceptual-robotics.com\/es\/wp-json\/wp\/v2\/media?parent=85668"}],"curies":[{"name":"wp","href":"https:\/\/api.w.org\/{rel}","templated":true}]}}