{"id":86221,"date":"2025-04-04T11:32:29","date_gmt":"2025-04-04T10:32:29","guid":{"rendered":"https:\/\/www.perceptual-robotics.com\/?page_id=86221"},"modified":"2025-04-29T16:09:41","modified_gmt":"2025-04-29T15:09:41","slug":"solutions-for-independent-service-providers","status":"publish","type":"page","link":"https:\/\/www.perceptual-robotics.com\/es\/solutions-for-independent-service-providers\/","title":{"rendered":"Solutions for Independent Service Providers"},"content":{"rendered":"<div class=\"wpb-content-wrapper\"><p>[vc_row row_height_percent=\u00bb0&#8243; override_padding=\u00bbyes\u00bb h_padding=\u00bb0&#8243; top_padding=\u00bb0&#8243; bottom_padding=\u00bb0&#8243; back_color=\u00bbcolor-off-white\u00bb overlay_alpha=\u00bb50&#8243; equal_height=\u00bbyes\u00bb gutter_size=\u00bb0&#8243; column_width_percent=\u00bb100&#8243; shift_y=\u00bb0&#8243; z_index=\u00bb0&#8243;][\/vc_row][vc_row row_height_percent=\u00bb0&#8243; override_padding=\u00bbyes\u00bb h_padding=\u00bb2&#8243; top_padding=\u00bb4&#8243; bottom_padding=\u00bb4&#8243; overlay_alpha=\u00bb50&#8243; gutter_size=\u00bb3&#8243; column_width_percent=\u00bb100&#8243; shift_y=\u00bb0&#8243; z_index=\u00bb0&#8243; uncode_shortcode_id=\u00bb132013&#8243;][vc_column column_width_percent=\u00bb100&#8243; gutter_size=\u00bb2&#8243; overlay_alpha=\u00bb50&#8243; shift_x=\u00bb0&#8243; shift_y=\u00bb0&#8243; shift_y_down=\u00bb0&#8243; z_index=\u00bb0&#8243; medium_width=\u00bb0&#8243; mobile_width=\u00bb0&#8243; width=\u00bb1\/1&#8243; uncode_shortcode_id=\u00bb544646&#8243;][vc_custom_heading heading_semantic=\u00bbh1&#8243; text_size=\u00bbfontsize-32px\u00bb text_weight=\u00bb400&#8243; uncode_shortcode_id=\u00bb573735&#8243;]Para <span style=\"font-weight: 400;\">Proveedores Independientes de Servicios<\/span>[\/vc_custom_heading][vc_custom_heading text_size=\u00bbh3&#8243; sub_lead=\u00bbyes\u00bb uncode_shortcode_id=\u00bb117934&#8243;]<strong>Eleve el Nivel de su Oferta de Servicios<\/strong>[\/vc_custom_heading][vc_button button_color=\u00bbcolor-green\u00bb radius=\u00bbbtn-circle\u00bb border_width=\u00bb0&#8243; button_color_type=\u00bbuncode-palette\u00bb uncode_shortcode_id=\u00bb214408&#8243;]Comenzar[\/vc_button][\/vc_column][\/vc_row][vc_row row_height_percent=\u00bb0&#8243; override_padding=\u00bbyes\u00bb h_padding=\u00bb2&#8243; top_padding=\u00bb3&#8243; bottom_padding=\u00bb3&#8243; back_color=\u00bbcolor-green\u00bb overlay_alpha=\u00bb50&#8243; gutter_size=\u00bb3&#8243; column_width_percent=\u00bb100&#8243; shift_y=\u00bb0&#8243; z_index=\u00bb0&#8243; uncode_shortcode_id=\u00bb455793&#8243; back_color_type=\u00bbuncode-palette\u00bb][vc_column column_width_percent=\u00bb100&#8243; gutter_size=\u00bb3&#8243; style=\u00bbdark\u00bb overlay_alpha=\u00bb50&#8243; shift_x=\u00bb0&#8243; shift_y=\u00bb0&#8243; shift_y_down=\u00bb0&#8243; z_index=\u00bb0&#8243; medium_width=\u00bb0&#8243; mobile_width=\u00bb0&#8243; width=\u00bb1\/1&#8243; uncode_shortcode_id=\u00bb787273&#8243;][vc_row_inner limit_content=\u00bb\u00bb][vc_column_inner column_width_percent=\u00bb100&#8243; gutter_size=\u00bb3&#8243; style=\u00bbdark\u00bb overlay_alpha=\u00bb50&#8243; shift_x=\u00bb0&#8243; shift_y=\u00bb0&#8243; shift_y_down=\u00bb0&#8243; z_index=\u00bb0&#8243; medium_width=\u00bb0&#8243; mobile_width=\u00bb0&#8243; width=\u00bb1\/2&#8243; uncode_shortcode_id=\u00bb186923&#8243;][vc_custom_heading text_size=\u00bbh4&#8243; uncode_shortcode_id=\u00bb675898&#8243;]<b>Necesidades Atendidas<\/b>[\/vc_custom_heading][vc_column_text uncode_shortcode_id=\u00bb138164&#8243;]<\/p>\n<ul>\n<li style=\"font-weight: 400;\" aria-level=\"1\"><b>Expansi\u00f3n f\u00e1cil:<br \/>\n<\/b><span style=\"font-weight: 400;\">Escale su oferta de servicios sin complejidad, con una integraci\u00f3n perfecta desde el campo hasta los informes de los clientes finales.<\/span><\/li>\n<li style=\"font-weight: 400;\" aria-level=\"1\"><b>Haga m\u00e1s en menos tiempo:<\/b><span style=\"font-weight: 400;\"><br \/>\nRealice inspecciones de forma r\u00e1pida y eficiente con drones aut\u00f3nomos, lo que le permitir\u00e1 identificar da\u00f1os, optimizando la reparaci\u00f3n y el mantenimiento.<\/span><\/li>\n<li style=\"font-weight: 400;\" aria-level=\"1\"><b>Inspecciones de alta calidad aseguradas: <\/b><span style=\"font-weight: 400;\"><br \/>\nOfrezca resultados de alta calidad de manera consistente, sin necesidad de experiencia previa.<\/span><\/li>\n<li style=\"font-weight: 400;\" aria-level=\"1\"><b>Simplifique el procesamiento de im\u00e1genes:<\/b><span style=\"font-weight: 400;\"><br \/>\nBenef\u00edciese de un procesamiento de datos r\u00e1pido y consistente que mejora la prestaci\u00f3n de servicios y la satisfacci\u00f3n del cliente, con informes automatizados.<\/span><\/li>\n<li style=\"font-weight: 400;\" aria-level=\"1\"><b>Compatibilidad con sistemas actuales:<\/b><span style=\"font-weight: 400;\"><br \/>\nExporte datos en varios formatos e imp\u00f3rtelos desde drones manuales o inspecciones con telescopio para una mejor\u00a0 interoperabilidad.<\/span><\/li>\n<li style=\"font-weight: 400;\" aria-level=\"1\"><b>Herramienta todo en uno:<\/b><span style=\"font-weight: 400;\"><br \/>\nUtilice un portal web profesional con acceso de usuarios ilimitado, que permita a sus clientes finales visualizar f\u00e1cilmente su flota y gestionar los datos.<\/span><\/li>\n<\/ul>\n<p>&nbsp;[\/vc_column_text][\/vc_column_inner][vc_column_inner width=\u00bb1\/2&#8243;][vc_single_image media=\u00bb86253&#8243; media_width_percent=\u00bb100&#8243; media_ratio=\u00bbone-one\u00bb uncode_shortcode_id=\u00bb788851&#8243; el_class=\u00bbpr-rounded\u00bb][\/vc_column_inner][\/vc_row_inner][\/vc_column][\/vc_row][vc_row row_height_percent=\u00bb0&#8243; override_padding=\u00bbyes\u00bb h_padding=\u00bb2&#8243; top_padding=\u00bb3&#8243; bottom_padding=\u00bb4&#8243; overlay_alpha=\u00bb100&#8243; gutter_size=\u00bb2&#8243; column_width_percent=\u00bb100&#8243; shift_y=\u00bb0&#8243; z_index=\u00bb0&#8243; uncode_shortcode_id=\u00bb124137&#8243;][vc_column column_width_percent=\u00bb100&#8243; align_horizontal=\u00bbalign_center\u00bb gutter_size=\u00bb3&#8243; overlay_alpha=\u00bb50&#8243; shift_x=\u00bb0&#8243; shift_y=\u00bb0&#8243; shift_y_down=\u00bb0&#8243; z_index=\u00bb0&#8243; medium_width=\u00bb0&#8243; mobile_width=\u00bb0&#8243; width=\u00bb1\/1&#8243; uncode_shortcode_id=\u00bb133471&#8243;][vc_row_inner limit_content=\u00bb\u00bb][vc_column_inner column_width_percent=\u00bb100&#8243; align_horizontal=\u00bbalign_center\u00bb gutter_size=\u00bb3&#8243; overlay_alpha=\u00bb50&#8243; shift_x=\u00bb0&#8243; shift_y=\u00bb0&#8243; shift_y_down=\u00bb0&#8243; z_index=\u00bb0&#8243; medium_width=\u00bb0&#8243; mobile_width=\u00bb0&#8243; width=\u00bb1\/1&#8243; uncode_shortcode_id=\u00bb123157&#8243;][vc_custom_heading text_size=\u00bbh4&#8243; uncode_shortcode_id=\u00bb557399&#8243;]<strong>Soluciones Clave para Usted<\/strong>[\/vc_custom_heading][\/vc_column_inner][\/vc_row_inner][vc_row_inner row_inner_height_percent=\u00bb0&#8243; overlay_alpha=\u00bb50&#8243; equal_height=\u00bbyes\u00bb gutter_size=\u00bb3&#8243; shift_y=\u00bb0&#8243; z_index=\u00bb0&#8243; limit_content=\u00bb\u00bb uncode_shortcode_id=\u00bb167165&#8243; el_class=\u00bbpr-iconboxes2&#8243;][vc_column_inner column_width_percent=\u00bb100&#8243; position_horizontal=\u00bbleft\u00bb gutter_size=\u00bb3&#8243; override_padding=\u00bbyes\u00bb column_padding=\u00bb1&#8243; overlay_alpha=\u00bb50&#8243; shift_x=\u00bb0&#8243; shift_y=\u00bb0&#8243; shift_y_down=\u00bb0&#8243; z_index=\u00bb0&#8243; medium_width=\u00bb0&#8243; mobile_width=\u00bb0&#8243; width=\u00bb1\/2&#8243; uncode_shortcode_id=\u00bb161999&#8243;][vc_icon position=\u00bbleft\u00bb icon_image=\u00bb85697&#8243; heading_semantic=\u00bbdiv\u00bb text_size=\u00bbfontsize-24px-100522&#8243; text_weight=\u00bb700&#8243; text_height=\u00bbfontheight-179065&#8243; title=\u00bbCaptura de Datos a Demanda\u00bb uncode_shortcode_id=\u00bb190462&#8243;]<span style=\"font-weight: 400;\">Realice inspecciones r\u00e1pidas y ad hoc con drones aut\u00f3nomos obteniendo inspecciones de turbinas eficientes y precisas.<\/span>[\/vc_icon][\/vc_column_inner][vc_column_inner column_width_percent=\u00bb100&#8243; position_horizontal=\u00bbleft\u00bb gutter_size=\u00bb3&#8243; override_padding=\u00bbyes\u00bb column_padding=\u00bb0&#8243; overlay_alpha=\u00bb50&#8243; shift_x=\u00bb0&#8243; shift_y=\u00bb0&#8243; shift_y_down=\u00bb0&#8243; z_index=\u00bb0&#8243; medium_width=\u00bb0&#8243; mobile_width=\u00bb0&#8243; width=\u00bb1\/2&#8243; uncode_shortcode_id=\u00bb212522&#8243;][vc_icon position=\u00bbleft\u00bb icon_image=\u00bb85697&#8243; heading_semantic=\u00bbdiv\u00bb text_size=\u00bbfontsize-24px-100522&#8243; text_weight=\u00bb700&#8243; text_height=\u00bbfontheight-179065&#8243; title=\u00bbServicio de Principio a Fin\u00bb uncode_shortcode_id=\u00bb104460&#8243;]<span style=\"font-weight: 400;\">Desde la captura de datos hasta la gesti\u00f3n de informes y reparaciones, nuestra soluci\u00f3n modular se adapta a las diversas necesidades de mantenimiento en cada caso.<\/span>[\/vc_icon][\/vc_column_inner][\/vc_row_inner][vc_row_inner row_inner_height_percent=\u00bb0&#8243; overlay_alpha=\u00bb50&#8243; equal_height=\u00bbyes\u00bb gutter_size=\u00bb3&#8243; shift_y=\u00bb0&#8243; z_index=\u00bb0&#8243; limit_content=\u00bb\u00bb uncode_shortcode_id=\u00bb167165&#8243; el_class=\u00bbpr-iconboxes2&#8243;][vc_column_inner column_width_percent=\u00bb100&#8243; position_horizontal=\u00bbleft\u00bb gutter_size=\u00bb3&#8243; override_padding=\u00bbyes\u00bb column_padding=\u00bb1&#8243; overlay_alpha=\u00bb50&#8243; shift_x=\u00bb0&#8243; shift_y=\u00bb0&#8243; shift_y_down=\u00bb0&#8243; z_index=\u00bb0&#8243; medium_width=\u00bb0&#8243; mobile_width=\u00bb0&#8243; width=\u00bb1\/2&#8243; uncode_shortcode_id=\u00bb161999&#8243;][vc_icon position=\u00bbleft\u00bb icon_image=\u00bb85697&#8243; heading_semantic=\u00bbdiv\u00bb text_size=\u00bbfontsize-24px-100522&#8243; text_weight=\u00bb700&#8243; text_height=\u00bbfontheight-179065&#8243; title=\u00bbProcesamiento de Datos Impulsado por IA\u00bb uncode_shortcode_id=\u00bb193896&#8243;]<span style=\"font-weight: 400;\">Ahorre tiempo con nuestra herramienta de inteligencia artificial, que anota cientos de im\u00e1genes en cuesti\u00f3n de minutos y genera informes automatizados en m\u00faltiples formatos est\u00e1ndar de la industria.<\/span>[\/vc_icon][\/vc_column_inner][vc_column_inner column_width_percent=\u00bb100&#8243; position_horizontal=\u00bbleft\u00bb gutter_size=\u00bb3&#8243; override_padding=\u00bbyes\u00bb column_padding=\u00bb0&#8243; overlay_alpha=\u00bb50&#8243; shift_x=\u00bb0&#8243; shift_y=\u00bb0&#8243; shift_y_down=\u00bb0&#8243; z_index=\u00bb0&#8243; medium_width=\u00bb0&#8243; mobile_width=\u00bb0&#8243; width=\u00bb1\/2&#8243; uncode_shortcode_id=\u00bb212522&#8243;][vc_icon position=\u00bbleft\u00bb icon_image=\u00bb85697&#8243; heading_semantic=\u00bbdiv\u00bb text_size=\u00bbfontsize-24px-100522&#8243; text_weight=\u00bb700&#8243; text_height=\u00bbfontheight-179065&#8243; title=\u00bbFunciones e Integraciones Personalizadas\u00bb uncode_shortcode_id=\u00bb344521&#8243;]<span style=\"font-weight: 400;\">Ofrecemos soluciones personalizadas, incluidos innovadores formatos de informes, aplicaci\u00f3n de su marca comercial e integraciones directas con plataformas de los tecn\u00f3logos.<\/span>[\/vc_icon][\/vc_column_inner][\/vc_row_inner][vc_row_inner row_inner_height_percent=\u00bb0&#8243; overlay_alpha=\u00bb50&#8243; equal_height=\u00bbyes\u00bb gutter_size=\u00bb3&#8243; shift_y=\u00bb0&#8243; z_index=\u00bb0&#8243; limit_content=\u00bb\u00bb uncode_shortcode_id=\u00bb167165&#8243; el_class=\u00bbpr-iconboxes2&#8243;][vc_column_inner column_width_percent=\u00bb100&#8243; position_horizontal=\u00bbleft\u00bb gutter_size=\u00bb3&#8243; override_padding=\u00bbyes\u00bb column_padding=\u00bb1&#8243; overlay_alpha=\u00bb50&#8243; shift_x=\u00bb0&#8243; shift_y=\u00bb0&#8243; shift_y_down=\u00bb0&#8243; z_index=\u00bb0&#8243; medium_width=\u00bb0&#8243; mobile_width=\u00bb0&#8243; width=\u00bb1\/2&#8243; uncode_shortcode_id=\u00bb161999&#8243;][vc_icon position=\u00bbleft\u00bb icon_image=\u00bb85697&#8243; heading_semantic=\u00bbdiv\u00bb text_size=\u00bbfontsize-24px-100522&#8243; text_weight=\u00bb700&#8243; text_height=\u00bbfontheight-179065&#8243; title=\u00bbAn\u00e1lisis y Gesti\u00f3n de Flotas\u00bb uncode_shortcode_id=\u00bb106098&#8243;]<span style=\"font-weight: 400;\">Acceda a informaci\u00f3n \u00fatil y f\u00e1cilmente aplicable para priorizar el mantenimiento y la reparaci\u00f3n de palas, optimizando la gesti\u00f3n de activos para una mejor eficiencia operativa.<\/span>[\/vc_icon][\/vc_column_inner][vc_column_inner column_width_percent=\u00bb100&#8243; position_horizontal=\u00bbleft\u00bb gutter_size=\u00bb3&#8243; override_padding=\u00bbyes\u00bb column_padding=\u00bb0&#8243; overlay_alpha=\u00bb50&#8243; shift_x=\u00bb0&#8243; shift_y=\u00bb0&#8243; shift_y_down=\u00bb0&#8243; z_index=\u00bb0&#8243; medium_width=\u00bb0&#8243; mobile_width=\u00bb0&#8243; width=\u00bb1\/2&#8243; uncode_shortcode_id=\u00bb212522&#8243;][vc_icon position=\u00bbleft\u00bb icon_image=\u00bb85697&#8243; heading_semantic=\u00bbdiv\u00bb text_size=\u00bbfontsize-24px-100522&#8243; text_weight=\u00bb700&#8243; text_height=\u00bbfontheight-179065&#8243; title=\u00bbCapacidades de Inspecci\u00f3n Mejoradas\u00bb uncode_shortcode_id=\u00bb223212&#8243;]<span style=\"font-weight: 400;\">Aproveche los drones aut\u00f3nomos de \u00faltima generaci\u00f3n y el an\u00e1lisis basado en IA para ampliar su oferta de servicios y ofrecer mayor valor a sus clientes.<\/span>[\/vc_icon][\/vc_column_inner][\/vc_row_inner][\/vc_column][\/vc_row][vc_row unlock_row=\u00bb\u00bb row_height_percent=\u00bb0&#8243; override_padding=\u00bbyes\u00bb h_padding=\u00bb2&#8243; top_padding=\u00bb2&#8243; bottom_padding=\u00bb2&#8243; back_image=\u00bb86299&#8243; back_position=\u00bbcenter top\u00bb overlay_color=\u00bbcolor-green\u00bb overlay_alpha=\u00bb100&#8243; gutter_size=\u00bb3&#8243; column_width_percent=\u00bb100&#8243; shift_y=\u00bb0&#8243; z_index=\u00bb0&#8243; el_class=\u00bbbanner-section\u00bb uncode_shortcode_id=\u00bb657872&#8243; overlay_color_type=\u00bbuncode-palette\u00bb][vc_column column_width_percent=\u00bb100&#8243; position_horizontal=\u00bbleft\u00bb position_vertical=\u00bbmiddle\u00bb gutter_size=\u00bb3&#8243; style=\u00bbdark\u00bb overlay_alpha=\u00bb50&#8243; shift_x=\u00bb0&#8243; shift_y=\u00bb0&#8243; shift_y_down=\u00bb0&#8243; z_index=\u00bb0&#8243; medium_width=\u00bb0&#8243; mobile_width=\u00bb0&#8243; width=\u00bb1\/1&#8243; el_class=\u00bbbanner-section\u00bb uncode_shortcode_id=\u00bb184839&#8243;][vc_custom_heading text_size=\u00bbh4&#8243; subheading=\u00bbHable con un miembro de nuestro equipo.\u00bb uncode_shortcode_id=\u00bb122541&#8243;]<strong>\u00bfPreparado para hablar con nosotros?<\/strong>[\/vc_custom_heading][vc_button radius=\u00bbbtn-circle\u00bb outline=\u00bbyes\u00bb border_width=\u00bb0&#8243; link=\u00bburl:http%3A%2F%2Fwww.perceptual-robotics.com%2Fcontact%2F|title:Contact\u00bb uncode_shortcode_id=\u00bb561995&#8243;]Reserve una demostraci\u00f3n[\/vc_button][\/vc_column][\/vc_row]<\/p>\n<\/div>","protected":false},"excerpt":{"rendered":"<p>[vc_row row_height_percent=\u00bb0&#8243; override_padding=\u00bbyes\u00bb h_padding=\u00bb0&#8243; top_padding=\u00bb0&#8243; bottom_padding=\u00bb0&#8243; back_color=\u00bbcolor-off-white\u00bb overlay_alpha=\u00bb50&#8243; equal_height=\u00bbyes\u00bb gutter_size=\u00bb0&#8243; column_width_percent=\u00bb100&#8243; shift_y=\u00bb0&#8243; z_index=\u00bb0&#8243;][\/vc_row][vc_row row_height_percent=\u00bb0&#8243; override_padding=\u00bbyes\u00bb h_padding=\u00bb2&#8243; top_padding=\u00bb4&#8243; bottom_padding=\u00bb4&#8243; overlay_alpha=\u00bb50&#8243; gutter_size=\u00bb3&#8243; [&hellip;]<\/p>\n","protected":false},"author":1,"featured_media":82574,"parent":0,"menu_order":0,"comment_status":"closed","ping_status":"closed","template":"","meta":{"_acf_changed":false,"content-type":"","footnotes":""},"class_list":["post-86221","page","type-page","status-publish","has-post-thumbnail","hentry"],"acf":[],"yoast_head":"<!-- This site is optimized with the Yoast SEO plugin v24.8.1 - https:\/\/yoast.com\/wordpress\/plugins\/seo\/ -->\n<title>Solutions for Independent Service Providers - Perceptual Robotics<\/title>\n<meta name=\"robots\" content=\"index, follow, max-snippet:-1, max-image-preview:large, max-video-preview:-1\" \/>\n<link rel=\"canonical\" href=\"https:\/\/www.perceptual-robotics.com\/es\/solutions-for-independent-service-providers\/\" \/>\n<meta property=\"og:locale\" content=\"es_ES\" \/>\n<meta property=\"og:type\" content=\"article\" \/>\n<meta property=\"og:title\" content=\"Solutions for Independent Service Providers - Perceptual Robotics\" \/>\n<meta property=\"og:description\" content=\"[vc_row row_height_percent=\u00bb0&#8243; override_padding=\u00bbyes\u00bb h_padding=\u00bb0&#8243; top_padding=\u00bb0&#8243; bottom_padding=\u00bb0&#8243; back_color=\u00bbcolor-off-white\u00bb overlay_alpha=\u00bb50&#8243; equal_height=\u00bbyes\u00bb gutter_size=\u00bb0&#8243; column_width_percent=\u00bb100&#8243; shift_y=\u00bb0&#8243; z_index=\u00bb0&#8243;][\/vc_row][vc_row row_height_percent=\u00bb0&#8243; override_padding=\u00bbyes\u00bb h_padding=\u00bb2&#8243; top_padding=\u00bb4&#8243; bottom_padding=\u00bb4&#8243; overlay_alpha=\u00bb50&#8243; gutter_size=\u00bb3&#8243; [&hellip;]\" \/>\n<meta property=\"og:url\" content=\"https:\/\/www.perceptual-robotics.com\/es\/solutions-for-independent-service-providers\/\" \/>\n<meta property=\"og:site_name\" content=\"Perceptual Robotics\" \/>\n<meta property=\"article:publisher\" content=\"https:\/\/www.facebook.com\/perceptualrobotics\/\" \/>\n<meta property=\"article:modified_time\" content=\"2025-04-29T15:09:41+00:00\" \/>\n<meta property=\"og:image\" content=\"https:\/\/www.perceptual-robotics.com\/wp-content\/uploads\/2021\/05\/solutions-hero.jpg\" \/>\n\t<meta property=\"og:image:width\" content=\"2500\" \/>\n\t<meta property=\"og:image:height\" content=\"1319\" \/>\n\t<meta property=\"og:image:type\" content=\"image\/jpeg\" \/>\n<meta name=\"twitter:card\" content=\"summary_large_image\" \/>\n<meta name=\"twitter:site\" content=\"@Perc_Robotics\" \/>\n<meta name=\"twitter:label1\" content=\"Tiempo de lectura\" \/>\n\t<meta name=\"twitter:data1\" content=\"3 minutos\" \/>\n<!-- \/ Yoast SEO plugin. -->","yoast_head_json":{"title":"Solutions for Independent Service Providers - Perceptual Robotics","robots":{"index":"index","follow":"follow","max-snippet":"max-snippet:-1","max-image-preview":"max-image-preview:large","max-video-preview":"max-video-preview:-1"},"canonical":"https:\/\/www.perceptual-robotics.com\/es\/solutions-for-independent-service-providers\/","og_locale":"es_ES","og_type":"article","og_title":"Solutions for Independent Service Providers - Perceptual Robotics","og_description":"[vc_row row_height_percent=\u00bb0&#8243; override_padding=\u00bbyes\u00bb h_padding=\u00bb0&#8243; top_padding=\u00bb0&#8243; bottom_padding=\u00bb0&#8243; back_color=\u00bbcolor-off-white\u00bb overlay_alpha=\u00bb50&#8243; equal_height=\u00bbyes\u00bb gutter_size=\u00bb0&#8243; column_width_percent=\u00bb100&#8243; shift_y=\u00bb0&#8243; z_index=\u00bb0&#8243;][\/vc_row][vc_row row_height_percent=\u00bb0&#8243; override_padding=\u00bbyes\u00bb h_padding=\u00bb2&#8243; top_padding=\u00bb4&#8243; bottom_padding=\u00bb4&#8243; overlay_alpha=\u00bb50&#8243; gutter_size=\u00bb3&#8243; [&hellip;]","og_url":"https:\/\/www.perceptual-robotics.com\/es\/solutions-for-independent-service-providers\/","og_site_name":"Perceptual Robotics","article_publisher":"https:\/\/www.facebook.com\/perceptualrobotics\/","article_modified_time":"2025-04-29T15:09:41+00:00","og_image":[{"width":2500,"height":1319,"url":"https:\/\/www.perceptual-robotics.com\/wp-content\/uploads\/2021\/05\/solutions-hero.jpg","type":"image\/jpeg"}],"twitter_card":"summary_large_image","twitter_site":"@Perc_Robotics","twitter_misc":{"Tiempo de lectura":"3 minutos"},"schema":{"@context":"https:\/\/schema.org","@graph":[{"@type":"WebPage","@id":"https:\/\/www.perceptual-robotics.com\/es\/solutions-for-independent-service-providers\/","url":"https:\/\/www.perceptual-robotics.com\/es\/solutions-for-independent-service-providers\/","name":"Solutions for Independent Service Providers - Perceptual Robotics","isPartOf":{"@id":"https:\/\/www.perceptual-robotics.com\/es\/#website"},"primaryImageOfPage":{"@id":"https:\/\/www.perceptual-robotics.com\/es\/solutions-for-independent-service-providers\/#primaryimage"},"image":{"@id":"https:\/\/www.perceptual-robotics.com\/es\/solutions-for-independent-service-providers\/#primaryimage"},"thumbnailUrl":"https:\/\/www.perceptual-robotics.com\/wp-content\/uploads\/2021\/05\/solutions-hero.jpg","datePublished":"2025-04-04T10:32:29+00:00","dateModified":"2025-04-29T15:09:41+00:00","breadcrumb":{"@id":"https:\/\/www.perceptual-robotics.com\/es\/solutions-for-independent-service-providers\/#breadcrumb"},"inLanguage":"es","potentialAction":[{"@type":"ReadAction","target":["https:\/\/www.perceptual-robotics.com\/es\/solutions-for-independent-service-providers\/"]}]},{"@type":"ImageObject","inLanguage":"es","@id":"https:\/\/www.perceptual-robotics.com\/es\/solutions-for-independent-service-providers\/#primaryimage","url":"https:\/\/www.perceptual-robotics.com\/wp-content\/uploads\/2021\/05\/solutions-hero.jpg","contentUrl":"https:\/\/www.perceptual-robotics.com\/wp-content\/uploads\/2021\/05\/solutions-hero.jpg","width":2500,"height":1319},{"@type":"BreadcrumbList","@id":"https:\/\/www.perceptual-robotics.com\/es\/solutions-for-independent-service-providers\/#breadcrumb","itemListElement":[{"@type":"ListItem","position":1,"name":"Home","item":"https:\/\/www.perceptual-robotics.com\/es\/"},{"@type":"ListItem","position":2,"name":"Solutions for Independent Service Providers"}]},{"@type":"WebSite","@id":"https:\/\/www.perceptual-robotics.com\/es\/#website","url":"https:\/\/www.perceptual-robotics.com\/es\/","name":"Perceptual Robotics","description":"Automated wind turbine inspections","publisher":{"@id":"https:\/\/www.perceptual-robotics.com\/es\/#organization"},"potentialAction":[{"@type":"SearchAction","target":{"@type":"EntryPoint","urlTemplate":"https:\/\/www.perceptual-robotics.com\/es\/?s={search_term_string}"},"query-input":{"@type":"PropertyValueSpecification","valueRequired":true,"valueName":"search_term_string"}}],"inLanguage":"es"},{"@type":"Organization","@id":"https:\/\/www.perceptual-robotics.com\/es\/#organization","name":"Perceptual Robotics","url":"https:\/\/www.perceptual-robotics.com\/es\/","logo":{"@type":"ImageObject","inLanguage":"es","@id":"https:\/\/www.perceptual-robotics.com\/es\/#\/schema\/logo\/image\/","url":"https:\/\/www.perceptual-robotics.com\/wp-content\/uploads\/2021\/06\/home-video-poster.jpg","contentUrl":"https:\/\/www.perceptual-robotics.com\/wp-content\/uploads\/2021\/06\/home-video-poster.jpg","width":1280,"height":676,"caption":"Perceptual Robotics"},"image":{"@id":"https:\/\/www.perceptual-robotics.com\/es\/#\/schema\/logo\/image\/"},"sameAs":["https:\/\/www.facebook.com\/perceptualrobotics\/","https:\/\/x.com\/Perc_Robotics","https:\/\/www.linkedin.com\/company\/perceptual-robotics\/","https:\/\/www.youtube.com\/channel\/UCZP4-T_Xl9xDRkdx6TEZEQw"]}]}},"_links":{"self":[{"href":"https:\/\/www.perceptual-robotics.com\/es\/wp-json\/wp\/v2\/pages\/86221","targetHints":{"allow":["GET"]}}],"collection":[{"href":"https:\/\/www.perceptual-robotics.com\/es\/wp-json\/wp\/v2\/pages"}],"about":[{"href":"https:\/\/www.perceptual-robotics.com\/es\/wp-json\/wp\/v2\/types\/page"}],"author":[{"embeddable":true,"href":"https:\/\/www.perceptual-robotics.com\/es\/wp-json\/wp\/v2\/users\/1"}],"replies":[{"embeddable":true,"href":"https:\/\/www.perceptual-robotics.com\/es\/wp-json\/wp\/v2\/comments?post=86221"}],"version-history":[{"count":7,"href":"https:\/\/www.perceptual-robotics.com\/es\/wp-json\/wp\/v2\/pages\/86221\/revisions"}],"predecessor-version":[{"id":86600,"href":"https:\/\/www.perceptual-robotics.com\/es\/wp-json\/wp\/v2\/pages\/86221\/revisions\/86600"}],"wp:featuredmedia":[{"embeddable":true,"href":"https:\/\/www.perceptual-robotics.com\/es\/wp-json\/wp\/v2\/media\/82574"}],"wp:attachment":[{"href":"https:\/\/www.perceptual-robotics.com\/es\/wp-json\/wp\/v2\/media?parent=86221"}],"curies":[{"name":"wp","href":"https:\/\/api.w.org\/{rel}","templated":true}]}}